
{"id":522,"date":"2015-01-29T11:49:11","date_gmt":"2015-01-29T10:49:11","guid":{"rendered":"\/?page_id=522"},"modified":"2016-04-17T11:04:32","modified_gmt":"2016-04-17T09:04:32","slug":"lankar","status":"publish","type":"page","link":"https:\/\/djurensvanner.se\/uddevalla\/lankar\/","title":{"rendered":"Nyttiga och bra l\u00e4nkar"},"content":{"rendered":"<p><a href=\"\/om-oss\/lokalforeningar\">V\u00e5ra lokalf\u00f6reningar hittar du h\u00e4r \u00bb<\/a><\/p>\n<h4><\/h4>\n<h4>Sidor om hundar<\/h4>\n<p><a href=\"http:\/\/www.brukshunden.se\" target=\"_blank\">Brukshunden<\/a><br \/>\n<a href=\"http:\/\/www.hittehund.nu\" target=\"_blank\">Hittehund<\/a><br \/>\n<a href=\"http:\/\/hundstallet.se\" target=\"_blank\">Hundstallet<\/a><br \/>\n<a href=\"http:\/\/www.skk.se\/kopahund\/\" target=\"_blank\">K\u00f6pa Hund<\/a> (SKK)<br \/>\n<a href=\"http:\/\/www.brukshundklubben.se\" target=\"_blank\">Svenska Brukshundklubben<\/a><br \/>\n<a href=\"http:\/\/skk.se\" target=\"_blank\">Svenska Kennelklubben<\/a><br \/>\n<a href=\"http:\/\/www.skk.se\/shu\/\" target=\"_blank\">Svensk Hundungdom<\/a><\/p>\n<h4>Sidor om katter<\/h4>\n<p><a href=\"http:\/\/www.masterkatten.com\/web\/index.php\" target=\"_blank\">F\u00f6reningen M\u00e4sterkatten<\/a><br \/>\n<a href=\"http:\/\/www.sverak.se\" target=\"_blank\">Kattf\u00f6rbundet SVERAK<\/a><br \/>\n<a href=\"http:\/\/minkattklubb.se\" target=\"_blank\">Min Kattklubb<\/a><\/p>\n<h4>Sidor om \u00f6vriga tamdjur<\/h4>\n<p><a href=\"http:\/\/www.svenskarattsallskapet.se\" target=\"_blank\">Svenska R\u00e5tts\u00e4llskapet<\/a><\/p>\n<h4>Sidor om vilda djur och natur<\/h4>\n<p><a href=\"http:\/\/naturarvet.se\" target=\"_blank\">Ett klick f\u00f6r skogen<\/a><br \/>\n<a href=\"http:\/\/www.kfv-riks.se\/medlemmar\" target=\"_blank\">Katastrofhj\u00e4lp\u00a0F\u00e5glar och Vilt <\/a>(vid upphittade vilda djur)<br \/>\n<a href=\"http:\/\/www.naturskyddsforeningen.se\" target=\"_blank\">Naturskyddsf\u00f6reningen<\/a><br \/>\n<a href=\"http:\/\/www.naturvardsverket.se\" target=\"_blank\">Naturv\u00e5rdsverket<\/a><br \/>\n<a href=\"http:\/\/www.wwf.se\" target=\"_blank\">V\u00e4rldsnaturfonden WWF<\/a><br \/>\n<a href=\"http:\/\/www.eagle72.se\" target=\"_blank\">\u00d6rn\u201372<\/a><\/p>\n<h4>Upphittade och bortsprungna djur (Hemsidor)<\/h4>\n<p><a href=\"https:\/\/hundar.skk.se\/agarreg\/\" target=\"_blank\">DjurID.se<\/a><br \/>\n<a href=\"http:\/\/www.hittadjur.se\" target=\"_blank\">HittaDjur.se<\/a><br \/>\n<a href=\"http:\/\/kattpolisen.ifokus.se\" target=\"_blank\">Kattpolisen iFokus<\/a><br \/>\n<a href=\"http:\/\/www.sverak.se\/id-register\/sok-din-katt-har\/\" target=\"_blank\">SVERAK:s ID-register<\/a><br \/>\n<a href=\"http:\/\/www.upphittadedjur.se\" target=\"_blank\">Upphittade djur<\/a><br \/>\n<a href=\"http:\/\/www.upphittat.se\/index.php?kategori=Djur&amp;sida=hittegods\" target=\"_blank\">Upphittat.se<\/a><\/p>\n<h4>Upphittade och bortsprungna djur (Facebook)<\/h4>\n<p><a href=\"https:\/\/www.facebook.com\/pages\/HittaDjur\/130449283692568\" target=\"_blank\">HittaDjur.se<\/a><br \/>\n<a href=\"https:\/\/www.facebook.com\/djuridhundar?fref=ts\" target=\"_blank\">DjurID.se<\/a> (hund)<br \/>\n<a href=\"https:\/\/www.facebook.com\/djuridkatter?fref=ts\" target=\"_blank\">DjurID.se<\/a> (katt)<br \/>\n<a href=\"https:\/\/www.facebook.com\/groups\/109101332444459\/\" target=\"_blank\">Vi l\u00e4ngtar hem<\/a><br \/>\n<a href=\"https:\/\/www.facebook.com\/pages\/Upphittadedjurse\/184859494911718\" target=\"_blank\">Upphittadedjur.se<\/a><\/p>\n<h4>\u00d6vriga bra och nyttiga sidor<\/h4>\n<p><a href=\"http:\/\/www.jordbruksverket.se\" target=\"_blank\">Jordbruksverket<\/a><br \/>\n<a href=\"http:\/\/www.tullverket.se\" target=\"_blank\">Tullverket<\/a><\/p>\n","protected":false},"excerpt":{"rendered":"<p>V\u00e5ra lokalf\u00f6reningar hittar du h\u00e4r \u00bb Sidor om hundar Brukshunden Hittehund Hundstallet K\u00f6pa Hund (SKK) Svenska Brukshundklubben Svenska Kennelklubben Svensk Hundungdom Sidor om katter F\u00f6reningen M\u00e4sterkatten Kattf\u00f6rbundet SVERAK Min Kattklubb Sidor om \u00f6vriga tamdjur Svenska R\u00e5tts\u00e4llskapet Sidor om vilda djur och natur Ett klick f\u00f6r skogen Katastrofhj\u00e4lp\u00a0F\u00e5glar och Vilt (vid upphittade vilda djur) Naturskyddsf\u00f6reningen Naturv\u00e5rdsverket&hellip;<\/p>\n<p><a class=\"more-link\" href=\"https:\/\/djurensvanner.se\/uddevalla\/lankar\/\" title=\"Las mer &lsquo;Nyttiga och bra l\u00e4nkar&rsquo;\">las mer <span class=\"meta-nav\">&rarr;<\/span><\/a><\/p>\n","protected":false},"author":1,"featured_media":0,"parent":0,"menu_order":0,"comment_status":"open","ping_status":"open","template":"page-templates\/left-sidebar.php","meta":{"_acf_changed":false,"footnotes":""},"class_list":["post-522","page","type-page","status-publish","hentry"],"acf":[],"_links":{"self":[{"href":"https:\/\/djurensvanner.se\/uddevalla\/wp-json\/wp\/v2\/pages\/522","targetHints":{"allow":["GET"]}}],"collection":[{"href":"https:\/\/djurensvanner.se\/uddevalla\/wp-json\/wp\/v2\/pages"}],"about":[{"href":"https:\/\/djurensvanner.se\/uddevalla\/wp-json\/wp\/v2\/types\/page"}],"author":[{"embeddable":true,"href":"https:\/\/djurensvanner.se\/uddevalla\/wp-json\/wp\/v2\/users\/1"}],"replies":[{"embeddable":true,"href":"https:\/\/djurensvanner.se\/uddevalla\/wp-json\/wp\/v2\/comments?post=522"}],"version-history":[{"count":23,"href":"https:\/\/djurensvanner.se\/uddevalla\/wp-json\/wp\/v2\/pages\/522\/revisions"}],"predecessor-version":[{"id":683,"href":"https:\/\/djurensvanner.se\/uddevalla\/wp-json\/wp\/v2\/pages\/522\/revisions\/683"}],"wp:attachment":[{"href":"https:\/\/djurensvanner.se\/uddevalla\/wp-json\/wp\/v2\/media?parent=522"}],"curies":[{"name":"wp","href":"https:\/\/api.w.org\/{rel}","templated":true}]}}