
{"id":90,"date":"2014-10-23T20:35:48","date_gmt":"2014-10-23T20:35:48","guid":{"rendered":"\/?page_id=90"},"modified":"2025-04-07T14:54:00","modified_gmt":"2025-04-07T13:54:00","slug":"stod-oss","status":"publish","type":"page","link":"https:\/\/djurensvanner.se\/skane\/stod-oss\/","title":{"rendered":"St\u00f6d oss"},"content":{"rendered":"<h5>Det finns m\u00e5nga s\u00e4tt att visa sitt st\u00f6d f\u00f6r Djurens V\u00e4nner och v\u00e5ra djur, nedan hittar du n\u00e5gra av dem.<\/h5>\n<h2>St\u00f6dmedlem<\/h2>\n<p>Genom att bli st\u00f6dmedlem st\u00f6djer du oss inte bara ekonomiskt utan framf\u00f6r allt genom att g\u00f6ra oss till en starkare f\u00f6rening som kan p\u00e5verka samh\u00e4llets or\u00e4ttvisor mot djuren. Du f\u00e5r dessutom v\u00e5r fina medlemstidning fyra g\u00e5nger per \u00e5r, samt information direkt hem n\u00e4r vi ska ha olika evenemang s\u00e5som loppmarknader och \u00e5rsm\u00f6te.<br \/>\n<strong>Enskild st\u00f6dmedlem:<\/strong> 150 kr\/\u00e5r<br \/>\n<strong>Familj:<\/strong> 200 kr\/\u00e5r<\/p>\n<p>Observera att avgifter som betalas in f\u00f6re den 1 oktober avser medlemskap f\u00f6r innevarande \u00e5r. Avgifter som betalas in fr\u00e5n och med den 1 oktober till och med den 31 december avser medlemskap f\u00f6r n\u00e4stkommande \u00e5r. Om du \u00f6nskar avvika fr\u00e5n detta ombeds du v\u00e4nligen skriva vilket medlems\u00e5r din betalning avser.<\/p>\n<p><strong><a href=\"https:\/\/djurensvanner.se\/skane\/stod-oss\/bli-stodmedlem\/\">KLICKA H\u00c4R F\u00d6R INFORMATION OM MEDLEMSKAP<\/a><\/strong><\/p>\n<p><strong>Vid fr\u00e5gor om ditt medlemskap, kontakta oss p\u00e5:<\/strong><br \/>\n<a href=\"&#x6d;&#97;i&#x6c;&#116;o&#x3a;&#115;k&#x61;&#110;e&#x40;&#100;j&#x75;&#114;e&#x6e;&#115;v&#x61;&#110;n&#x65;&#114;&#46;&#x73;&#101;\"><strong>&#x73;&#x6b;&#97;ne&#x40;&#x64;&#106;&#117;r&#x65;&#x6e;&#115;&#118;a&#x6e;&#x6e;&#x65;&#114;&#46;s&#x65;\u00a0<\/strong><\/a><\/p>\n<h2><\/h2>\n<h2>Donera pengar<\/h2>\n<p>Att driva en ideell f\u00f6rening f\u00f6r djur som har det sv\u00e5rt \u00e4r mycket kostsamt, men tack vare gener\u00f6sa g\u00e5vor och arv klarar vi att driva verksamheten vidare.<br \/>\nF\u00f6reningen \u00e4r mycket tacksam f\u00f6r alla g\u00e5vor och arv som kommer in, stora som sm\u00e5. Tack vare dessa och v\u00e5ra eldsj\u00e4lar kan vi driva v\u00e5rt viktiga arbete vidare!<br \/>\n<strong>Det finns flera olika s\u00e4tt att donera:\u00a0<\/strong><a href=\"https:\/\/djurensvanner.se\/skane\/stod-oss\/betalning-och-donation\/\"><strong>KLICKA H\u00c4R F\u00d6R MER INFORMATION<\/strong><\/a><\/p>\n<h2>Donera saker och\/eller tj\u00e4nter<\/h2>\n<p>P\u00e5 ett djurhem finns det alltid mycket att k\u00f6pa in och mycket att g\u00f6ra! H\u00e4r hittar du en l\u00e4nk till v\u00e5r aktuella \u00f6nskelista.<br \/>\n<a href=\"https:\/\/djurensvanner.se\/skane\/onskelista\/\"><strong>TILL \u00d6NSKELISTAN<\/strong><\/a><\/p>\n<h2>Arbeta ideellt<\/h2>\n<p>Vi beh\u00f6ver hj\u00e4lp av ideella inom m\u00e5nga olika omr\u00e5den. Detta kan var allt fr\u00e5n att hj\u00e4lpa till n\u00e4r vi har \u00d6ppet Hus eller hj\u00e4lpa till med utskick till att sprida material eller informera p\u00e5 hund- och kattutst\u00e4llningar.<br \/>\n\u00c4r du intresserad och vill veta mer, l\u00e4s mer <a href=\"https:\/\/djurensvanner.se\/skane\/volontar\/\">h\u00e4r.<\/a><\/p>\n<h2>Arv och testamente<\/h2>\n<p>Hj\u00e4lp djur i n\u00f6d via ditt testamente! De arv vi varit tursamma nog att f\u00e5, hj\u00e4lper f\u00f6reningen oerh\u00f6rt mycket. Vi \u00e4r mycket tacksamma f\u00f6r b\u00e5de stora och sm\u00e5 arv! P\u00e5 v\u00e5r riksorganisations sida kan du kostnadsfritt f\u00e5 hj\u00e4lp att uppr\u00e4tta ett testamente till f\u00f6rm\u00e5n f\u00f6r Djurens V\u00e4nner Sk\u00e5ne. <a href=\"https:\/\/djurensvanner.se\/skane\/stod-oss\/testamente\/\" rel=\"noopener\">L\u00e4s mer h\u00e4r<\/a>.<\/p>\n<p>Om du v\u00e4ljer att donera via ditt testamente s\u00e5\u00a0\u00e4r det viktigt att det framg\u00e5r att arvet ska g\u00e5 till <strong>Djurens V\u00e4nner Sk\u00e5ne<\/strong>. T\u00e4nk ocks\u00e5 p\u00e5 att det alltid \u00e4r bra att ha med f\u00f6reningens organisationsnummer: <strong>846000-1095<\/strong>.<\/p>\n","protected":false},"excerpt":{"rendered":"<p>Det finns m\u00e5nga s\u00e4tt att visa sitt st\u00f6d f\u00f6r Djurens V\u00e4nner och v\u00e5ra djur, nedan hittar du n\u00e5gra av dem. St\u00f6dmedlem Genom att bli st\u00f6dmedlem st\u00f6djer du oss inte bara ekonomiskt utan framf\u00f6r allt genom att g\u00f6ra oss till en starkare f\u00f6rening som kan p\u00e5verka samh\u00e4llets or\u00e4ttvisor mot djuren. Du f\u00e5r dessutom v\u00e5r fina medlemstidning&hellip;<\/p>\n<p><a class=\"more-link\" href=\"https:\/\/djurensvanner.se\/skane\/stod-oss\/\" title=\"Las mer &lsquo;St\u00f6d oss&rsquo;\">las mer <span class=\"meta-nav\">&rarr;<\/span><\/a><\/p>\n","protected":false},"author":1,"featured_media":0,"parent":0,"menu_order":0,"comment_status":"open","ping_status":"open","template":"","meta":{"_acf_changed":false,"footnotes":""},"class_list":["post-90","page","type-page","status-publish","hentry"],"acf":[],"_links":{"self":[{"href":"https:\/\/djurensvanner.se\/skane\/wp-json\/wp\/v2\/pages\/90","targetHints":{"allow":["GET"]}}],"collection":[{"href":"https:\/\/djurensvanner.se\/skane\/wp-json\/wp\/v2\/pages"}],"about":[{"href":"https:\/\/djurensvanner.se\/skane\/wp-json\/wp\/v2\/types\/page"}],"author":[{"embeddable":true,"href":"https:\/\/djurensvanner.se\/skane\/wp-json\/wp\/v2\/users\/1"}],"replies":[{"embeddable":true,"href":"https:\/\/djurensvanner.se\/skane\/wp-json\/wp\/v2\/comments?post=90"}],"version-history":[{"count":44,"href":"https:\/\/djurensvanner.se\/skane\/wp-json\/wp\/v2\/pages\/90\/revisions"}],"predecessor-version":[{"id":5315,"href":"https:\/\/djurensvanner.se\/skane\/wp-json\/wp\/v2\/pages\/90\/revisions\/5315"}],"wp:attachment":[{"href":"https:\/\/djurensvanner.se\/skane\/wp-json\/wp\/v2\/media?parent=90"}],"curies":[{"name":"wp","href":"https:\/\/api.w.org\/{rel}","templated":true}]}}