
{"id":4121,"date":"2024-02-03T23:17:44","date_gmt":"2024-02-03T22:17:44","guid":{"rendered":"https:\/\/djurensvanner.se\/skane\/?page_id=4121"},"modified":"2025-12-13T15:25:20","modified_gmt":"2025-12-13T14:25:20","slug":"lokalforeningar","status":"publish","type":"page","link":"https:\/\/djurensvanner.se\/skane\/kontakt\/lokalforeningar\/","title":{"rendered":"Lokalf\u00f6reningar"},"content":{"rendered":"<p>Djurens V\u00e4nner best\u00e5r idag av 23 registrerade lokalf\u00f6reningar. H\u00e4r nedan hittar du l\u00e4nkar till alla lokalf\u00f6reningars hemsidor, samt ekonomisk info och mailadress. G\u00e5 in p\u00e5 respektive hemsida f\u00f6r mer information!<\/p>\n<p><img loading=\"lazy\" decoding=\"async\" class=\" wp-image-2035 alignright\" src=\"https:\/\/djurensvanner.se\/wp-content\/uploads\/2022\/10\/Sverigekarta2022.jpg\" alt=\"\" width=\"419\" height=\"1247\" \/><\/p>\n<h4><a href=\"http:\/\/www.djurensvanner.se\/umea\">1. Djurens V\u00e4nner Ume\u00e5<\/a><\/h4>\n<p><strong>Bankgiro<\/strong>: 217-2039<br \/>\n<a href=\"&#x6d;&#x61;&#x69;&#x6c;&#x74;&#x6f;&#x3a;&#x75;&#x6d;&#x65;&#x61;&#x40;&#x64;&#x6a;&#117;&#114;&#101;&#110;&#115;&#118;&#97;&#110;&#110;&#101;&#114;&#46;se\">&#x75;&#109;e&#x61;&#64;d&#x6a;&#117;r&#x65;&#110;s&#x76;&#97;n&#x6e;&#101;r&#x2e;&#115;e<\/a><\/p>\n<h4>2. Djurens V\u00e4nner Sandviken<\/h4>\n<p>(F\u00f6reningen hanteras av Riksorganisationen)<br \/>\n<a href=\"&#109;&#x61;i&#108;&#x74;o&#58;&#x69;n&#x66;&#x6f;&#64;&#x64;j&#117;&#x72;e&#110;&#x73;v&#x61;&#x6e;&#110;&#x65;&#x72;&#46;&#x73;e\">i&#110;&#102;&#x6f;&#x40;&#x64;ju&#114;&#101;&#x6e;&#x73;&#x76;a&#110;&#110;&#101;&#x72;&#x2e;&#x73;e<\/a><\/p>\n<h4><a href=\"http:\/\/www.djurensvanner.se\/borlange\">3. Djurens V\u00e4nner Borl\u00e4nge<\/a><\/h4>\n<p><strong>Plusgiro<\/strong>: 92 95 77 &#8211; 5<br \/>\n<a href=\"mail&#116;&#111;&#58;&#98;&#111;&#114;&#108;&#x61;&#x6e;&#x67;&#x65;&#x40;&#x64;&#x6a;&#x75;&#x72;ensv&#97;&#110;&#110;&#101;&#114;&#46;&#115;&#x65;\">&#98;o&#x72;l&#x61;n&#x67;&#101;&#x40;&#100;&#x6a;&#117;r&#x65;n&#x73;v&#x61;&#110;&#x6e;&#101;&#x72;&#46;&#x73;&#101;<\/a><\/p>\n<h4><a href=\"http:\/\/www.djurensvanner.se\/karlstad\">4. Djurens V\u00e4nner Karlstad<\/a><\/h4>\n<p><strong>BankGiro<\/strong>: 808-5474<br \/>\n(F\u00f6reningen hanteras av Riksorganisationen)<br \/>\n<a href=\"m&#97;&#105;&#x6c;&#x74;o:&#105;&#110;&#x66;&#x6f;&#64;d&#106;&#117;&#x72;&#x65;ns&#118;&#x61;&#x6e;&#x6e;e&#114;&#46;&#x73;&#x65;\">&#x69;&#x6e;&#x66;&#x6f;&#x40;&#100;&#106;&#117;&#114;ens&#x76;&#x61;&#x6e;&#x6e;&#x65;&#x72;&#46;&#115;&#101;<\/a><\/p>\n<h4>5. Djurens V\u00e4nner \u00d6rebro<\/h4>\n<p>(F\u00f6reningen hanteras av Riksorganisationen)<a href=\"&#x6d;&#x61;&#105;lt&#x6f;&#x3a;&#98;&#111;r&#x6c;&#x61;&#110;&#103;e&#x40;&#x64;&#x6a;&#117;re&#x6e;&#x73;&#118;&#97;n&#x6e;&#x65;&#114;&#46;s&#x65;\"><br \/>\n<\/a><a href=\"mail&#116;&#111;&#58;&#105;&#110;&#x66;&#x6f;&#x40;&#x64;&#x6a;&#x75;&#x72;ensv&#97;&#110;&#110;&#101;&#114;&#x2e;&#x73;&#x65;\">&#x69;&#x6e;&#102;o&#x40;&#x64;&#106;&#117;r&#x65;&#x6e;&#115;&#118;a&#x6e;&#x6e;&#101;r&#46;&#x73;&#x65;<\/a><\/p>\n<h4>6. <a href=\"https:\/\/djurensvanner.se\/vasteras\/\">Djurens V\u00e4nner V\u00e4ster\u00e5s<\/a><\/h4>\n<p>(F\u00f6reningen hanteras av Riksorganisationen)<a href=\"&#109;&#x61;i&#108;&#x74;o&#58;&#x62;o&#114;&#x6c;a&#110;&#x67;&#101;&#x40;&#x64;&#106;&#x75;&#x72;&#101;&#x6e;s&#118;&#x61;n&#110;&#x65;r&#46;&#x73;e\"><br \/>\n<\/a><a href=\"ma&#105;&#108;&#x74;&#x6f;&#x3a;&#x69;nf&#111;&#64;&#x64;&#x6a;&#x75;&#x72;en&#115;&#118;&#97;&#x6e;&#x6e;&#x65;&#x72;&#46;s&#101;\">i&#110;&#x66;&#x6f;&#x40;d&#106;&#117;&#x72;&#x65;n&#115;&#118;&#x61;&#x6e;ne&#114;&#x2e;&#x73;&#x65;<\/a><\/p>\n<h4><a href=\"http:\/\/www.djurensvanner.se\/uppsala\">7. Djurens V\u00e4nner Uppsala<\/a><\/h4>\n<p><strong>Bankgiro: <\/strong>888-6053<br \/>\n<a href=\"&#109;&#x61;&#x69;l&#116;&#x6f;&#x3a;i&#110;&#x66;o&#64;&#x64;&#x6a;u&#114;&#x65;n&#115;&#x76;&#x61;n&#110;&#x65;&#x72;&#117;&#x70;&#x70;s&#97;&#x6c;&#x61;&#46;&#115;&#x65;\">i&#110;&#102;&#x6f;&#x40;&#x64;j&#117;&#114;&#x65;&#x6e;&#x73;va&#110;&#x6e;&#x65;&#x72;up&#112;&#115;&#x61;&#x6c;&#x61;&#46;&#115;&#101;<\/a><\/p>\n<h4><a href=\"http:\/\/www.djurensvanner.se\/stockholm\">8. Djurens V\u00e4nner Stockholm<\/a><\/h4>\n<p><strong>Plusgiro<\/strong>: 19 93 01 &#8211; 3<br \/>\n<strong>Swish:<\/strong> 123 028 34 73<br \/>\n<a href=\"&#109;&#x61;&#x69;l&#116;&#x6f;&#x3a;s&#116;&#x6f;c&#107;&#x68;&#x6f;l&#109;&#x40;d&#106;&#x75;&#x72;e&#110;&#x73;&#x76;&#97;&#x6e;&#x6e;e&#114;&#x2e;&#x73;e\">&#x73;&#x74;&#x6f;&#99;&#107;&#104;ol&#x6d;&#x40;&#x64;&#x6a;&#117;&#114;en&#x73;&#x76;&#x61;&#x6e;&#110;&#101;r&#46;&#x73;&#x65;<\/a><\/p>\n<h4><a href=\"http:\/\/www.djurensvanner.se\/nykoping\">9. Djurens V\u00e4nner Nyk\u00f6ping<\/a><\/h4>\n<p>(F\u00f6reningen hanteras av Riksorganisationen)<br \/>\n<a href=\"&#109;&#x61;i&#108;&#x74;o&#x3a;&#x69;&#110;&#x66;o&#64;&#x64;j&#117;&#x72;&#101;&#x6e;s&#118;&#x61;n&#110;&#x65;&#114;&#x2e;&#x73;&#101;\">&#105;n&#102;o&#64;d&#x6a;u&#x72;e&#x6e;s&#x76;a&#x6e;n&#x65;r&#x2e;s&#x65;<\/a><\/p>\n<h4><a href=\"http:\/\/www.djurensvanner.se\/uddevalla\">10. Djurens V\u00e4nner Uddevalla<\/a><\/h4>\n<p><strong>Plusgiro<\/strong>: 86 67 48 &#8211; 7<br \/>\n<strong>Swish:<\/strong> 123\u00a0506 92 32<br \/>\n<a href=\"&#109;&#x61;&#105;&#x6c;&#116;&#x6f;:&#x75;d&#x64;e&#118;&#x61;&#108;&#x6c;&#97;&#x40;&#100;&#x6a;u&#x72;e&#x6e;s&#118;&#x61;&#110;&#x6e;&#101;&#x72;&#46;&#x73;e\">&#117;d&#x64;e&#x76;a&#x6c;l&#x61;&#64;&#x64;j&#x75;&#114;&#x65;&#110;&#x73;&#118;&#x61;&#110;&#x6e;&#101;&#x72;&#46;&#x73;&#101;<\/a><\/p>\n<h4><a href=\"http:\/\/www.djurensvanner.se\/lidkoping\">11. Djurens V\u00e4nner Lidk\u00f6ping<\/a><\/h4>\n<p><strong>Bankgiro<\/strong>: 5534-0830<br \/>\n<strong>Swish<\/strong>: 123 074 0712<br \/>\n<a href=\"&#x6d;&#97;&#x69;&#108;t&#x6f;&#58;l&#x69;&#100;&#x6b;&#x6f;p&#x69;&#110;g&#x40;&#100;&#x6a;&#x75;r&#x65;&#110;s&#x76;&#97;n&#x6e;&#101;&#x72;&#46;s&#x65;\">&#108;&#x69;&#100;&#x6b;o&#x70;i&#110;&#x67;&#64;&#x64;j&#x75;r&#101;&#x6e;&#115;&#x76;a&#x6e;n&#101;&#x72;&#46;&#x73;e<\/a><\/p>\n<h4><a href=\"https:\/\/djurensvanner.se\/skara\/\">12. Djurens V\u00e4nner Skara<\/a><\/h4>\n<h5>Begravningsplatsen i Skara<\/h5>\n<p>Linda Wiking, Tel: 070-628 54 40<\/p>\n<h4><a href=\"http:\/\/www.djurensvanner.se\/tranas\">13. Djurens V\u00e4nner Tran\u00e5s<\/a><\/h4>\n<p><strong>Bankgiro<\/strong>: 5494-0481<br \/>\n<strong>Swish<\/strong>: 123 430 07 11<br \/>\n<a href=\"&#109;&#x61;&#x69;&#108;&#x74;&#x6f;&#58;&#x74;&#x72;&#97;&#x6e;&#x61;&#115;&#x40;&#x64;&#106;&#x75;&#x72;&#101;&#x6e;&#x73;&#118;&#x61;&#x6e;&#110;&#x65;&#x72;&#46;&#x73;&#x65;\">tr&#97;&#110;&#x61;&#x73;&#x40;&#x64;ju&#114;&#101;&#x6e;&#x73;&#x76;&#x61;nn&#101;&#114;&#46;&#x73;&#x65;<\/a><\/p>\n<h4><a href=\"http:\/\/www.djurensvanner.se\/goteborg\">14. Djurens V\u00e4nner G\u00f6teborg<\/a><\/h4>\n<p><strong>Bankgiro<\/strong>: 5040-9986<br \/>\n<strong>Swish<\/strong>: 123 225 86 89<br \/>\n<a href=\"&#x6d;&#x61;&#105;&#108;t&#x6f;&#x3a;&#x67;&#111;te&#x62;&#x6f;&#114;&#103;&#64;&#x64;&#x6a;&#x75;&#114;en&#x73;&#x76;&#97;&#110;n&#x65;&#x72;&#x2e;&#115;e\">&#x67;&#x6f;&#x74;&#x65;&#98;&#111;&#114;&#103;&#64;dj&#x75;&#x72;&#x65;&#x6e;&#x73;&#118;&#97;&#110;ner&#x2e;&#x73;&#x65;<\/a><\/p>\n<h4><a href=\"http:\/\/www.djurensvanner.se\/boras\">15. Djurens V\u00e4nner Bor\u00e5s<\/a><\/h4>\n<p><strong>Bankgiro<\/strong>: 5121-3577<br \/>\n<strong>Swish<\/strong>: 123 508 26 72<br \/>\n<a href=\"&#109;&#x61;&#105;&#x6c;t&#x6f;:&#98;&#x6f;&#114;&#x61;&#115;&#x40;d&#x6a;u&#114;&#x65;&#110;&#x73;v&#x61;n&#x6e;&#x65;&#114;&#x2e;&#115;&#x65;\">&#x62;&#111;r&#x61;&#115;&#64;&#x64;&#x6a;&#117;r&#x65;&#110;s&#x76;&#x61;&#110;n&#x65;&#114;&#46;&#x73;&#x65;<\/a><\/p>\n<h4><a href=\"http:\/\/www.djurensvanner.se\/jonkoping\">16. Djurens V\u00e4nner J\u00f6nk\u00f6ping<\/a><\/h4>\n<p>(F\u00f6reningen hanteras av Riksorganisationen)<br \/>\n<a href=\"&#x6d;a&#x69;&#108;&#x74;&#111;:&#x69;&#110;&#x66;&#111;&#64;&#x64;&#106;&#x75;&#114;e&#x6e;s&#x76;&#97;&#x6e;&#x6e;e&#x72;&#46;&#x73;&#101;\">&#105;&#x6e;&#x66;o&#64;&#x64;j&#117;&#x72;e&#110;&#x73;v&#97;&#x6e;&#x6e;&#101;&#x72;&#x2e;s&#101;<\/a><\/p>\n<h4><a href=\"http:\/\/www.djurensvanner.se\/nassjo\">17. Djurens V\u00e4nner N\u00e4ssj\u00f6<\/a><\/h4>\n<p><strong>Plusgiro<\/strong>: 47 50 14 &#8211; 7<br \/>\n<strong>Swish<\/strong>: 123 545 5407<br \/>\n<a href=\"&#x6d;a&#x69;&#108;t&#x6f;&#58;&#x6e;&#x61;s&#x73;&#106;o&#x40;&#100;&#x6a;&#117;r&#x65;&#110;s&#x76;&#97;&#x6e;&#110;e&#x72;&#46;&#x73;&#x65;\">&#x6e;&#97;s&#x73;&#106;o&#x40;&#100;j&#x75;&#x72;&#101;&#x6e;&#x73;&#118;a&#x6e;&#110;e&#x72;&#46;s&#x65;<\/a><\/p>\n<h4><a href=\"http:\/\/www.djurensvanner.se\/vetlanda\">18. Djurens V\u00e4nner Vetlanda<\/a><\/h4>\n<p><strong>Plusgiro<\/strong>: 67 24 19 &#8211; 9<br \/>\n<strong>Swish<\/strong>: 123 041 66 02<br \/>\n<a href=\"&#109;&#x61;&#x69;l&#116;&#x6f;&#x3a;v&#101;&#x74;l&#97;&#x6e;&#x64;a&#64;&#x64;j&#117;&#x72;&#x65;n&#115;&#x76;&#x61;&#110;&#x6e;&#x65;r&#46;&#x73;&#x65;\">&#x76;&#101;t&#x6c;&#x61;&#110;d&#x61;&#x40;&#100;j&#x75;&#x72;&#101;n&#x73;&#x76;&#97;n&#x6e;&#101;&#114;&#46;&#x73;&#101;<\/a><\/p>\n<h4><a href=\"http:\/\/www.djurensvanner.se\/varnamo\">19. Djurens V\u00e4nner V\u00e4rnamo<\/a><\/h4>\n<p><strong>Bankgiro<\/strong>: 5478\u20133832<br \/>\n<strong>Swish<\/strong>: 123 529 2974<br \/>\n<a href=\"&#109;&#x61;i&#108;&#x74;o&#58;&#x76;a&#114;&#x6e;a&#109;&#x6f;&#64;&#100;&#x6a;u&#114;&#x65;n&#115;&#x76;a&#110;&#x6e;e&#114;&#x2e;s&#101;\">v&#97;&#x72;&#x6e;a&#109;&#x6f;&#x40;d&#106;&#x75;&#x72;e&#110;&#x73;&#x76;a&#110;&#x6e;&#x65;r&#46;&#115;&#x65;<\/a><\/p>\n<h4><a href=\"http:\/\/www.djurensvanner.se\/vaxjo\">20. Djurens V\u00e4nner V\u00e4xj\u00f6<\/a><\/h4>\n<p><strong>Plusgiro<\/strong>: 57 79 94 &#8211; 7<br \/>\n<strong>Swish<\/strong>: 123 097 04 75<br \/>\n<a href=\"&#x6d;&#97;i&#x6c;&#116;o&#x3a;&#x76;&#97;&#x78;&#x6a;&#111;&#64;&#x64;&#106;u&#x72;&#x65;&#110;&#x73;&#x76;&#97;n&#x6e;&#101;r&#x2e;&#x73;&#101;\">&#118;a&#x78;j&#x6f;&#64;&#x64;&#106;&#x75;&#114;e&#x6e;s&#x76;&#97;&#x6e;&#110;&#x65;&#114;&#x2e;&#115;e<\/a><\/p>\n<h4><a href=\"http:\/\/www.djurensvanner.se\/monsteras\">21. Djurens V\u00e4nner M\u00f6nster\u00e5s<\/a><\/h4>\n<p><strong>Bankgiro<\/strong>: 877-5272<br \/>\n<strong>Swish<\/strong>: 123 418 33 07<br \/>\n<a href=\"&#x6d;&#x61;&#105;&#108;t&#x6f;&#x3a;&#x6d;&#111;&#110;s&#x74;&#x65;&#x72;&#97;&#115;&#64;&#x64;&#x6a;&#x75;&#114;&#101;n&#x73;&#x76;&#x61;&#110;ne&#x72;&#x2e;&#x73;&#101;\">&#109;&#x6f;&#x6e;&#115;&#x74;&#x65;&#114;&#x61;&#x73;&#64;&#x64;&#x6a;&#117;&#x72;&#x65;&#110;&#x73;&#x76;&#97;&#x6e;&#x6e;&#101;&#x72;&#x2e;&#115;&#x65;<\/a><\/p>\n<h4><a href=\"http:\/\/www.djurensvanner.se\/karlshamn\">22. Djurens V\u00e4nner Karlshamn<\/a><\/h4>\n<p><strong>Bankgiro<\/strong>: 5598-5618<br \/>\n<strong>Swish<\/strong>: 123 116 13 30<br \/>\n<a href=\"mail&#116;&#111;&#58;&#107;&#97;&#114;&#108;&#x73;&#x68;&#x61;&#x6d;&#x6e;&#x40;&#x64;&#x6a;&#x75;rens&#118;&#97;&#110;&#110;&#101;&#114;&#46;&#x73;&#x65;\">&#x6b;&#x61;&#x72;&#x6c;&#x73;&#x68;&#x61;&#x6d;&#x6e;&#x40;&#x64;&#x6a;&#x75;&#x72;&#x65;&#x6e;&#x73;&#x76;&#x61;&#x6e;&#x6e;&#x65;&#114;&#46;&#115;&#101;<\/a><\/p>\n<h4><a href=\"http:\/\/www.djurensvanner.se\/skane\">23. Djurens V\u00e4nner Sk\u00e5ne<\/a><\/h4>\n<p><strong>Bankgiro<\/strong>: 5816\u20133700<br \/>\n<strong>Swish<\/strong>: 123 303 41 96<br \/>\n<a href=\"ma&#105;&#108;&#116;&#x6f;&#x3a;&#x73;&#x6b;an&#101;&#64;&#100;&#x6a;&#x75;&#x72;&#x65;ns&#118;&#97;&#110;&#x6e;&#x65;&#x72;&#x2e;se\">&#115;&#x6b;&#97;&#x6e;&#101;&#x40;&#100;&#x6a;&#117;&#x72;&#101;&#x6e;s&#x76;a&#x6e;n&#x65;r&#x2e;s&#x65;<\/a><\/p>\n<p>&nbsp;<\/p>\n<h4>Vill du vara med och starta upp en lokalf\u00f6rening d\u00e4r du bor?<\/h4>\n<p><span style=\"text-decoration: underline;\"><a href=\"https:\/\/djurensvanner.se\/lokalforeningar\/starta-en-ny-forening\/\">H\u00e4r kan du l\u00e4sa mer om hur det g\u00e5r till!<\/a><\/span><\/p>\n<p>&nbsp;<\/p>\n\n","protected":false},"excerpt":{"rendered":"","protected":false},"author":20,"featured_media":0,"parent":207,"menu_order":0,"comment_status":"closed","ping_status":"closed","template":"","meta":{"_acf_changed":false,"footnotes":""},"class_list":["post-4121","page","type-page","status-publish","hentry"],"acf":[],"_links":{"self":[{"href":"https:\/\/djurensvanner.se\/skane\/wp-json\/wp\/v2\/pages\/4121","targetHints":{"allow":["GET"]}}],"collection":[{"href":"https:\/\/djurensvanner.se\/skane\/wp-json\/wp\/v2\/pages"}],"about":[{"href":"https:\/\/djurensvanner.se\/skane\/wp-json\/wp\/v2\/types\/page"}],"author":[{"embeddable":true,"href":"https:\/\/djurensvanner.se\/skane\/wp-json\/wp\/v2\/users\/20"}],"replies":[{"embeddable":true,"href":"https:\/\/djurensvanner.se\/skane\/wp-json\/wp\/v2\/comments?post=4121"}],"version-history":[{"count":6,"href":"https:\/\/djurensvanner.se\/skane\/wp-json\/wp\/v2\/pages\/4121\/revisions"}],"predecessor-version":[{"id":6369,"href":"https:\/\/djurensvanner.se\/skane\/wp-json\/wp\/v2\/pages\/4121\/revisions\/6369"}],"up":[{"embeddable":true,"href":"https:\/\/djurensvanner.se\/skane\/wp-json\/wp\/v2\/pages\/207"}],"wp:attachment":[{"href":"https:\/\/djurensvanner.se\/skane\/wp-json\/wp\/v2\/media?parent=4121"}],"curies":[{"name":"wp","href":"https:\/\/api.w.org\/{rel}","templated":true}]}}