
{"id":4079,"date":"2024-01-24T11:27:15","date_gmt":"2024-01-24T10:27:15","guid":{"rendered":"https:\/\/djurensvanner.se\/skane\/?page_id=4079"},"modified":"2024-02-02T10:17:28","modified_gmt":"2024-02-02T09:17:28","slug":"testamente","status":"publish","type":"page","link":"https:\/\/djurensvanner.se\/skane\/stod-oss\/testamente\/","title":{"rendered":"T\u00e4nk p\u00e5 djuren i ditt testamente"},"content":{"rendered":"<p style=\"text-align: left;\">Med hj\u00e4lp av v\u00e5r riksorganisation kan du via en digital juristbyr\u00e5 uppr\u00e4tta ett testamente till f\u00f6rm\u00e5n f\u00f6r v\u00e5r f\u00f6rening &#8211; helt kostnadsfritt f\u00f6r dig! Intresserad? P\u00e5 l\u00e4nken nedan leds du till riksorganisationens sida med mer information.<\/p>\n<h4 style=\"text-align: left;\"><a href=\"https:\/\/djurensvanner.se\/testamente\/\" target=\"_blank\" rel=\"noopener\">Klicka h\u00e4r f\u00f6r att l\u00e4sa mer om att uppr\u00e4tta ett testamente till f\u00f6rm\u00e5n f\u00f6r djur i n\u00f6d!<\/a><\/h4>\n<p>&nbsp;<\/p>\n<p><a href=\"https:\/\/djurensvanner.se\/goteborg\/wp-content\/uploads\/sites\/30\/2024\/01\/man_svart-katt.jpg\" data-rel=\"lightbox-image-0\" data-rl_title=\"\" data-rl_caption=\"\" title=\"\"><img loading=\"lazy\" decoding=\"async\" class=\"size-medium wp-image-2359 alignleft\" src=\"https:\/\/djurensvanner.se\/goteborg\/wp-content\/uploads\/sites\/30\/2024\/01\/man_svart-katt-260x300.jpg\" alt=\"\" width=\"260\" height=\"300\" \/><\/a><\/p>\n","protected":false},"excerpt":{"rendered":"<p>Med hj\u00e4lp av v\u00e5r riksorganisation kan du via en digital juristbyr\u00e5 uppr\u00e4tta ett testamente till f\u00f6rm\u00e5n f\u00f6r v\u00e5r f\u00f6rening &#8211; helt kostnadsfritt f\u00f6r dig! Intresserad? P\u00e5 l\u00e4nken nedan leds du till riksorganisationens sida med mer information. Klicka h\u00e4r f\u00f6r att l\u00e4sa mer om att uppr\u00e4tta ett testamente till f\u00f6rm\u00e5n f\u00f6r djur i n\u00f6d! &nbsp;<\/p>\n","protected":false},"author":2,"featured_media":0,"parent":90,"menu_order":0,"comment_status":"closed","ping_status":"closed","template":"","meta":{"_acf_changed":false,"footnotes":""},"class_list":["post-4079","page","type-page","status-publish","hentry"],"acf":[],"_links":{"self":[{"href":"https:\/\/djurensvanner.se\/skane\/wp-json\/wp\/v2\/pages\/4079","targetHints":{"allow":["GET"]}}],"collection":[{"href":"https:\/\/djurensvanner.se\/skane\/wp-json\/wp\/v2\/pages"}],"about":[{"href":"https:\/\/djurensvanner.se\/skane\/wp-json\/wp\/v2\/types\/page"}],"author":[{"embeddable":true,"href":"https:\/\/djurensvanner.se\/skane\/wp-json\/wp\/v2\/users\/2"}],"replies":[{"embeddable":true,"href":"https:\/\/djurensvanner.se\/skane\/wp-json\/wp\/v2\/comments?post=4079"}],"version-history":[{"count":2,"href":"https:\/\/djurensvanner.se\/skane\/wp-json\/wp\/v2\/pages\/4079\/revisions"}],"predecessor-version":[{"id":4115,"href":"https:\/\/djurensvanner.se\/skane\/wp-json\/wp\/v2\/pages\/4079\/revisions\/4115"}],"up":[{"embeddable":true,"href":"https:\/\/djurensvanner.se\/skane\/wp-json\/wp\/v2\/pages\/90"}],"wp:attachment":[{"href":"https:\/\/djurensvanner.se\/skane\/wp-json\/wp\/v2\/media?parent=4079"}],"curies":[{"name":"wp","href":"https:\/\/api.w.org\/{rel}","templated":true}]}}