
{"id":3609,"date":"2023-08-09T13:44:13","date_gmt":"2023-08-09T12:44:13","guid":{"rendered":"https:\/\/djurensvanner.se\/skane\/?page_id=3609"},"modified":"2023-08-09T14:00:20","modified_gmt":"2023-08-09T13:00:20","slug":"volontar","status":"publish","type":"page","link":"https:\/\/djurensvanner.se\/skane\/volontar\/","title":{"rendered":"Volont\u00e4r"},"content":{"rendered":"<h2>Att vara volont\u00e4r p\u00e5 Djurens V\u00e4nner<\/h2>\n<p>&nbsp;<\/p>\n<p>Som volont\u00e4r \u00e4r du oerh\u00f6rt viktig f\u00f6r v\u00e5r verksamhet.\u00a0 Genom att vara volont\u00e4r bidrar du till att de djur som vi har hand om f\u00e5r mer tid, omsorg och k\u00e4rlek. Som volont\u00e4r hos oss kan du hj\u00e4lpa till med m\u00e5nga olika saker.\u00a0 Givetvis kan du hj\u00e4lpa till i det dagliga arbetet h\u00e4r p\u00e5 v\u00e5rt djurhem med v\u00e5ra djur, men vi beh\u00f6ver ocks\u00e5 hj\u00e4lp med mycket av det arbete som sker runt omkring verksamheten. Exempelvis beh\u00f6ver vi hj\u00e4lp med:<\/p>\n<ul>\n<li>Att anordna \u00f6ppna hus och loppisar<\/li>\n<li>Att h\u00e4mta saker som folk vill sk\u00e4nka till djurhemmet men saknar m\u00f6jlighet att ta sig hit<\/li>\n<li>Packa v\u00e5r medlemstidning n\u00e4r den skickas ut fyra g\u00e5nger per \u00e5r<\/li>\n<li>Tr\u00e4dg\u00e5rdssk\u00f6tsel<\/li>\n<li>och mycket annat&#8230;<\/li>\n<\/ul>\n<p>\u00c4r du intresserad av att hj\u00e4lpa oss och v\u00e5r verksamhet \u00e4r du varmt v\u00e4lkommen att h\u00f6ra av dig till oss p\u00e5 <a href=\"mailto&#58;&#115;&#107;&#97;&#110;&#101;&#64;&#x64;&#x6a;&#x75;&#x72;&#x65;&#x6e;&#x73;&#x76;&#x61;&#x6e;&#x6e;&#x65;r&#46;se\">&#115;&#107;&#x61;n&#101;&#x40;&#x64;j&#117;&#x72;&#x65;n&#115;&#x76;a&#110;&#x6e;&#x65;r&#46;&#x73;&#x65;<\/a> och ber\u00e4tta mer om dig sj\u00e4lv<\/p>\n<p>\u00c4r du intresserad av att hj\u00e4lpa till med sk\u00f6tseln av v\u00e5ra djur s\u00e5 kan du fylla i nedanst\u00e5ende intresseanm\u00e4lan. F\u00f6r att kunna hj\u00e4lpa till med v\u00e5ra djur beh\u00f6ver du vara minst 18 \u00e5r gammal.<\/p>\n<p>Hoppas vi h\u00f6rs och ses!<\/p>\n\n<div class=\"wpcf7 no-js\" id=\"wpcf7-f3378-o1\" lang=\"sv-SE\" dir=\"ltr\" data-wpcf7-id=\"3378\">\n<div class=\"screen-reader-response\"><p role=\"status\" aria-live=\"polite\" aria-atomic=\"true\"><\/p> <ul><\/ul><\/div>\n<form action=\"\/skane\/wp-json\/wp\/v2\/pages\/3609#wpcf7-f3378-o1\" method=\"post\" class=\"wpcf7-form init\" aria-label=\"Kontaktformul\u00e4r\" novalidate=\"novalidate\" data-status=\"init\">\n<div style=\"display: none;\">\n<input type=\"hidden\" name=\"_wpcf7\" value=\"3378\" \/>\n<input type=\"hidden\" name=\"_wpcf7_version\" value=\"6.0.4\" \/>\n<input type=\"hidden\" name=\"_wpcf7_locale\" value=\"sv_SE\" \/>\n<input type=\"hidden\" name=\"_wpcf7_unit_tag\" value=\"wpcf7-f3378-o1\" \/>\n<input type=\"hidden\" name=\"_wpcf7_container_post\" value=\"0\" \/>\n<input type=\"hidden\" name=\"_wpcf7_posted_data_hash\" value=\"\" \/>\n<input type=\"hidden\" name=\"_wpcf7dtx_version\" value=\"5.0.2\" \/>\n<\/div>\n<p><label>Namn:<\/label><br \/>\n<span class=\"wpcf7-form-control-wrap\" data-name=\"your-name\"><input size=\"40\" maxlength=\"400\" class=\"wpcf7-form-control wpcf7-text wpcf7-validates-as-required\" aria-required=\"true\" aria-invalid=\"false\" value=\"\" type=\"text\" name=\"your-name\" \/><\/span>\n<\/p>\n<p><label>F\u00f6delse\u00e5r:<\/label><br \/>\n<span class=\"wpcf7-form-control-wrap\" data-name=\"birth-year\"><input class=\"wpcf7-form-control wpcf7-number wpcf7-validates-as-required wpcf7-validates-as-number\" min=\"1900\" max=\"2099\" step=\"1\" aria-required=\"true\" aria-invalid=\"false\" value=\"\" type=\"number\" name=\"birth-year\" \/><\/span>\n<\/p>\n<p><label>Adress:<\/label><br \/>\n<span class=\"wpcf7-form-control-wrap\" data-name=\"address\"><input size=\"40\" maxlength=\"400\" class=\"wpcf7-form-control wpcf7-text wpcf7-validates-as-required\" aria-required=\"true\" aria-invalid=\"false\" value=\"\" type=\"text\" name=\"address\" \/><\/span>\n<\/p>\n<p><label>Postnr:<\/label><br \/>\n<span class=\"wpcf7-form-control-wrap\" data-name=\"post-number\"><input size=\"40\" maxlength=\"400\" class=\"wpcf7-form-control wpcf7-text wpcf7-validates-as-required\" aria-required=\"true\" aria-invalid=\"false\" value=\"\" type=\"text\" name=\"post-number\" \/><\/span>\n<\/p>\n<p><label>Ort:<\/label><br \/>\n<span class=\"wpcf7-form-control-wrap\" data-name=\"city\"><input size=\"40\" maxlength=\"400\" class=\"wpcf7-form-control wpcf7-text wpcf7-validates-as-required\" aria-required=\"true\" aria-invalid=\"false\" value=\"\" type=\"text\" name=\"city\" \/><\/span>\n<\/p>\n<p><label>Telefon:<\/label><br \/>\n<span class=\"wpcf7-form-control-wrap\" data-name=\"phone\"><input size=\"40\" maxlength=\"400\" class=\"wpcf7-form-control wpcf7-tel wpcf7-validates-as-required wpcf7-text wpcf7-validates-as-tel\" aria-required=\"true\" aria-invalid=\"false\" value=\"\" type=\"tel\" name=\"phone\" \/><\/span>\n<\/p>\n<p><label>E-post:<\/label><br \/>\n<span class=\"wpcf7-form-control-wrap\" data-name=\"your-email\"><input size=\"40\" maxlength=\"400\" class=\"wpcf7-form-control wpcf7-email wpcf7-validates-as-required wpcf7-text wpcf7-validates-as-email\" aria-required=\"true\" aria-invalid=\"false\" value=\"\" type=\"email\" name=\"your-email\" \/><\/span>\n<\/p>\n<p><label>Ber\u00e4tta lite kort om dig sj\u00e4lv:<\/label><br \/>\n<span class=\"wpcf7-form-control-wrap\" data-name=\"your-story\"><textarea cols=\"40\" rows=\"10\" maxlength=\"2000\" class=\"wpcf7-form-control wpcf7-textarea\" aria-invalid=\"false\" name=\"your-story\"><\/textarea><\/span>\n<\/p>\n<p><label>Har du n\u00e5gon utbildning kopplad till djur eller arbetslivserfarenhet kopplat till djur?<\/label><br \/>\n<span class=\"wpcf7-form-control-wrap\" data-name=\"your-experience\"><textarea cols=\"40\" rows=\"10\" maxlength=\"2000\" class=\"wpcf7-form-control wpcf7-textarea\" aria-invalid=\"false\" name=\"your-experience\"><\/textarea><\/span>\n<\/p>\n<p><b>N\u00e4r har du st\u00f6rst m\u00f6jlighet att hj\u00e4lpa till p\u00e5 djurhemmet?<\/b><br \/>\n<span class=\"wpcf7-form-control-wrap\" data-name=\"checkbox-270\"><span class=\"wpcf7-form-control wpcf7-checkbox\"><span class=\"wpcf7-list-item first\"><span class=\"wpcf7-list-item-label\">Vardagar (9-12)<\/span><input type=\"checkbox\" name=\"checkbox-270[]\" value=\"Vardagar (9-12)\" \/><\/span><span class=\"wpcf7-list-item\"><span class=\"wpcf7-list-item-label\">Vardagar (17-20)<\/span><input type=\"checkbox\" name=\"checkbox-270[]\" value=\"Vardagar (17-20)\" \/><\/span><span class=\"wpcf7-list-item\"><span class=\"wpcf7-list-item-label\">Helger (9-12)<\/span><input type=\"checkbox\" name=\"checkbox-270[]\" value=\"Helger (9-12)\" \/><\/span><span class=\"wpcf7-list-item last\"><span class=\"wpcf7-list-item-label\">Helger (17-20)<\/span><input type=\"checkbox\" name=\"checkbox-270[]\" value=\"Helger (17-20)\" \/><\/span><\/span><\/span>\n<\/p>\n<p><input class=\"wpcf7-form-control wpcf7-submit has-spinner\" type=\"submit\" value=\"Skicka\" \/>\n<\/p><div class=\"wpcf7-response-output\" aria-hidden=\"true\"><\/div>\n<\/form>\n<\/div>\n\n<p>&nbsp;<\/p>\n<p>&nbsp;<\/p>\n","protected":false},"excerpt":{"rendered":"<p>Att vara volont\u00e4r p\u00e5 Djurens V\u00e4nner &nbsp; Som volont\u00e4r \u00e4r du oerh\u00f6rt viktig f\u00f6r v\u00e5r verksamhet.\u00a0 Genom att vara volont\u00e4r bidrar du till att de djur som vi har hand om f\u00e5r mer tid, omsorg och k\u00e4rlek. Som volont\u00e4r hos oss kan du hj\u00e4lpa till med m\u00e5nga olika saker.\u00a0 Givetvis kan du hj\u00e4lpa till i&hellip;<\/p>\n<p><a class=\"more-link\" href=\"https:\/\/djurensvanner.se\/skane\/volontar\/\" title=\"Las mer &lsquo;Volont\u00e4r&rsquo;\">las mer <span class=\"meta-nav\">&rarr;<\/span><\/a><\/p>\n","protected":false},"author":33,"featured_media":0,"parent":0,"menu_order":0,"comment_status":"closed","ping_status":"closed","template":"","meta":{"_acf_changed":false,"footnotes":""},"class_list":["post-3609","page","type-page","status-publish","hentry"],"acf":[],"_links":{"self":[{"href":"https:\/\/djurensvanner.se\/skane\/wp-json\/wp\/v2\/pages\/3609","targetHints":{"allow":["GET"]}}],"collection":[{"href":"https:\/\/djurensvanner.se\/skane\/wp-json\/wp\/v2\/pages"}],"about":[{"href":"https:\/\/djurensvanner.se\/skane\/wp-json\/wp\/v2\/types\/page"}],"author":[{"embeddable":true,"href":"https:\/\/djurensvanner.se\/skane\/wp-json\/wp\/v2\/users\/33"}],"replies":[{"embeddable":true,"href":"https:\/\/djurensvanner.se\/skane\/wp-json\/wp\/v2\/comments?post=3609"}],"version-history":[{"count":5,"href":"https:\/\/djurensvanner.se\/skane\/wp-json\/wp\/v2\/pages\/3609\/revisions"}],"predecessor-version":[{"id":3619,"href":"https:\/\/djurensvanner.se\/skane\/wp-json\/wp\/v2\/pages\/3609\/revisions\/3619"}],"wp:attachment":[{"href":"https:\/\/djurensvanner.se\/skane\/wp-json\/wp\/v2\/media?parent=3609"}],"curies":[{"name":"wp","href":"https:\/\/api.w.org\/{rel}","templated":true}]}}