
{"id":4229,"date":"2025-12-20T15:02:04","date_gmt":"2025-12-20T14:02:04","guid":{"rendered":"https:\/\/djurensvanner.se\/lidkoping\/?page_id=4229"},"modified":"2026-01-02T16:05:41","modified_gmt":"2026-01-02T15:05:41","slug":"katthemmets-onskelista","status":"publish","type":"page","link":"https:\/\/djurensvanner.se\/lidkoping\/stod-oss\/katthemmets-onskelista\/","title":{"rendered":"KATTHEMMETS \u00d6NSKELISTA"},"content":{"rendered":"<p>Vill du st\u00f6dja oss genom att sk\u00e4nka saker till katthemmet? I en ideell verksamhet har vi alltid stort behov att f\u00e5 hj\u00e4lp fr\u00e5n b\u00e5de privatpersoner och fr\u00e5n f\u00f6retag. Vi har m\u00f6jlighet att ta in 30 katter och d\u00e5 g\u00e5r det \u00e5t mycket mat men \u00e4ven f\u00f6rbrukningsvaror.\u00a0 Vi \u00e4r i stort behov av specialmat, kattsand, leksaker men \u00e4ven f\u00f6rbrukningsvaror f\u00f6r att ta hand om v\u00e5rt katthem. Nedan f\u00f6ljer en lista \u00f6ver saker som vi skulle uppskatta.<\/p>\n<p>Du kan komma f\u00f6rbi oss p\u00e5 \u00d6ppet hus j\u00e4mna l\u00f6rdagar och l\u00e4mna in saker. Utanf\u00f6r katthemmet har vi en tunna d\u00e4r du kan sk\u00e4nka saker till katthemmet, den t\u00f6mmer vi dagligen.\u00a0 Vi har \u00e4ven en tunna st\u00e5ende hos \u00d6oB Lidk\u00f6ping d\u00e4r man kan sk\u00e4nka saker till oss. Du kan handla i butiken, tunnan st\u00e5r vid kassorna, eller l\u00e4gga direkt i tunnan.<\/p>\n<h4><strong>Katternas \u00f6nskelista<\/strong><\/h4>\n<ul>\n<li>Mat: Sheba och guldburkarna \u00e4r v\u00e5ra favoriter<\/li>\n<li>Royal Canin: Babymousse mother &amp; babycat<\/li>\n<li>Royal Canin: Babycat Milk<\/li>\n<li>Kattgodis: Dreamis<\/li>\n<li>Kattgodis: Vitakraft Liquid snack<\/li>\n<li>Fortiflora, str\u00f6s \u00f6ver maten f\u00f6r k\u00e4nsliga magar.<\/li>\n<li>Torrfoder, Gastrointestinal Kitten och Vuxen torrfoder f\u00f6r k\u00e4nsliga magar,<\/li>\n<li>Kattsand<\/li>\n<li>Leksaker<\/li>\n<li>Kl\u00f6str\u00e4d<\/li>\n<li>V\u00e4ggmonterade s\u00e4ngar, kattgrottor, h\u00e4ngbro, kl\u00e4tterstege, h\u00e4ngmattor. Detta underl\u00e4ttar st\u00e4dning och katterna \u00e4lskar att kl\u00e4ttra p\u00e5 v\u00e4ggen.<\/li>\n<li>Kattl\u00e5dor<\/li>\n<li>Feliway<\/li>\n<li>Avmaskingsmedel: Banmith f\u00f6r katter, Milbemax f\u00f6r b\u00e5de kattungar och vuxna katter.<\/li>\n<\/ul>\n<h4><strong>Katthemmets \u00f6nskelista<\/strong><\/h4>\n<ul>\n<li>Tv\u00e4ttmedel<\/li>\n<li>Diskmedel<\/li>\n<li>Gr\u00f6ns\u00e5pa<\/li>\n<li>Handtv\u00e5l<\/li>\n<li>Sopborstar med skyffel, l\u00e5ngt skaft<\/li>\n<li>Refill till Swiffers<\/li>\n<li>Sopp\u00e5sar med handtag<\/li>\n<li>Hinkar<\/li>\n<li>Fika till volont\u00e4rer, vi volont\u00e4rer uppskattar n\u00e4r det finns fika och dryck n\u00e4r vi arbetar ideellt med v\u00e5ra katter.<\/li>\n<\/ul>\n","protected":false},"excerpt":{"rendered":"<p>Vill du st\u00f6dja oss genom att sk\u00e4nka saker till katthemmet? I en ideell verksamhet har vi alltid stort behov att f\u00e5 hj\u00e4lp fr\u00e5n b\u00e5de privatpersoner och fr\u00e5n f\u00f6retag. Vi har m\u00f6jlighet att ta in 30 katter och d\u00e5 g\u00e5r det \u00e5t mycket mat men \u00e4ven f\u00f6rbrukningsvaror.\u00a0 Vi \u00e4r i stort behov av specialmat, kattsand, leksaker&hellip;<\/p>\n<p><a class=\"more-link\" href=\"https:\/\/djurensvanner.se\/lidkoping\/stod-oss\/katthemmets-onskelista\/\" title=\"Las mer &lsquo;KATTHEMMETS \u00d6NSKELISTA&rsquo;\">las mer <span class=\"meta-nav\">&rarr;<\/span><\/a><\/p>\n","protected":false},"author":19,"featured_media":0,"parent":90,"menu_order":0,"comment_status":"closed","ping_status":"closed","template":"","meta":{"_acf_changed":false,"footnotes":""},"class_list":["post-4229","page","type-page","status-publish","hentry"],"acf":[],"_links":{"self":[{"href":"https:\/\/djurensvanner.se\/lidkoping\/wp-json\/wp\/v2\/pages\/4229","targetHints":{"allow":["GET"]}}],"collection":[{"href":"https:\/\/djurensvanner.se\/lidkoping\/wp-json\/wp\/v2\/pages"}],"about":[{"href":"https:\/\/djurensvanner.se\/lidkoping\/wp-json\/wp\/v2\/types\/page"}],"author":[{"embeddable":true,"href":"https:\/\/djurensvanner.se\/lidkoping\/wp-json\/wp\/v2\/users\/19"}],"replies":[{"embeddable":true,"href":"https:\/\/djurensvanner.se\/lidkoping\/wp-json\/wp\/v2\/comments?post=4229"}],"version-history":[{"count":14,"href":"https:\/\/djurensvanner.se\/lidkoping\/wp-json\/wp\/v2\/pages\/4229\/revisions"}],"predecessor-version":[{"id":4253,"href":"https:\/\/djurensvanner.se\/lidkoping\/wp-json\/wp\/v2\/pages\/4229\/revisions\/4253"}],"up":[{"embeddable":true,"href":"https:\/\/djurensvanner.se\/lidkoping\/wp-json\/wp\/v2\/pages\/90"}],"wp:attachment":[{"href":"https:\/\/djurensvanner.se\/lidkoping\/wp-json\/wp\/v2\/media?parent=4229"}],"curies":[{"name":"wp","href":"https:\/\/api.w.org\/{rel}","templated":true}]}}