
{"id":207,"date":"2014-10-26T02:20:30","date_gmt":"2014-10-26T02:20:30","guid":{"rendered":"\/?page_id=207"},"modified":"2026-03-30T20:56:13","modified_gmt":"2026-03-30T18:56:13","slug":"kontakt","status":"publish","type":"page","link":"https:\/\/djurensvanner.se\/lidkoping\/kontakt\/","title":{"rendered":"Kontakt"},"content":{"rendered":"<h3>Djurens V\u00e4nner\u00a0Lidk\u00f6ping<\/h3>\n<p>Sevillagatan 11 B<br \/>\n531 30 LIDK\u00d6PING<\/p>\n<p><strong>1. E-post: <a href=\"&#109;&#x61;i&#x6c;&#x74;&#111;&#x3a;l&#x69;&#x64;&#107;&#x6f;p&#x69;&#x6e;&#103;&#x40;d&#x6a;&#x75;&#114;&#x65;n&#x73;&#x76;&#97;&#x6e;n&#x65;&#x72;&#46;&#x73;e\">li&#100;&#107;&#111;&#x70;&#x69;&#x6e;&#x67;&#x40;dj&#117;&#114;&#101;&#x6e;&#x73;&#x76;&#x61;&#x6e;ne&#114;&#46;&#115;&#x65;<\/a> (mailen kollas av dagligen)<\/strong><\/p>\n<p><strong>2. Telefon:<\/strong> 070-2401226<br \/>\nTala in ett meddelande med namn och telefonnummer s\u00e5 h\u00f6r vi av oss s\u00e5 snart vi kan.<br \/>\nD\u00e5 vi alla \u00e4r volont\u00e4rer med heltidsarbeten, och \u00e4ven hem\/familj att ta hand om, kan det ibland vara sv\u00e5rt att n\u00e5 oss via telefon men maila g\u00e4rna d\u00e5 mejlen l\u00e4ses av dagligen. Vi ringer upp dem som talat in ett meddelande. OBS! SMS fungerar inte till v\u00e5rt mobilnummer.<\/p>\n<p><strong>\u00d6ppet hus har vi varannan l\u00f6rdag j\u00e4mna veckor under v\u00e5ren och h\u00f6sten mellan kl. 11.00-13.00. <\/strong><strong>V\u00e4lkomna in!\u00a0<\/strong>Vi brukar meddela p\u00e5 v\u00e5ra sociala medier n\u00e4r v\u00e5r sista \u00d6ppet hus f\u00f6r s\u00e4songen \u00e4r.<\/p>\n<p><strong>BankGiro:<\/strong> 5534 \u2013 0830<br \/>\n<span id=\"yui_3_16_0_1_1504673383514_22256\"><strong>Swish:<\/strong>\u00a0<\/span><span id=\"yui_3_16_0_1_1504673383514_22468\">123 074 0712<\/span><\/p>\n<p><strong>Organisationsnr:<\/strong> 86 90 01 \u2013 0213<\/p>\n<h3><strong>STYRELSEN<\/strong><\/h3>\n<p class=\"p1\"><span class=\"s1\">Anna-Lena \u00c5strand, \u00a0ordf\u00f6rande<br \/>\n<\/span><\/p>\n<p class=\"p1\"><span class=\"s1\">Azra Jacupoviz Nilsson, vice ordf\u00f6rande<br \/>\n<\/span><\/p>\n<p class=\"p1\"><span class=\"s1\">Maria Thor\u00e9n, ledamot<\/p>\n<p>Anki Bertilsson, ledamot \u00a0 \u00a0 \u00a0 \u00a0 \u00a0 \u00a0 \u00a0 \u00a0 \u00a0 \u00a0 \u00a0 \u00a0 \u00a0 \u00a0 \u00a0 <\/span><\/p>\n<p class=\"p1\"><span class=\"s1\">Marie Fredriksson, sekreterare \u00a0 \u00a0 \u00a0 \u00a0 \u00a0 \u00a0 \u00a0 \u00a0 \u00a0 <\/span><\/p>\n<p class=\"p1\"><span class=\"s1\">Gunilla H\u00e5kansson, suppleant \u00a0 \u00a0 \u00a0 \u00a0 \u00a0 \u00a0 \u00a0 \u00a0 <\/span><\/p>\n<p class=\"p1\"><span class=\"s1\">Elisabeth Falen\u00e4s, kass\u00f6r (utanf\u00f6r styrelsen)<\/span><\/p>\n<p class=\"p1\"><span class=\"s1\">\u00a0<\/span><\/p>\n","protected":false},"excerpt":{"rendered":"<p>Djurens V\u00e4nner\u00a0Lidk\u00f6ping Sevillagatan 11 B 531 30 LIDK\u00d6PING 1. E-post: &#x6c;&#x69;&#x64;&#x6b;&#x6f;&#x70;&#x69;&#110;&#103;&#64;&#100;&#106;uren&#x73;&#x76;&#x61;&#x6e;&#x6e;&#x65;&#x72;&#x2e;&#115;&#101; (mailen kollas av dagligen) 2. Telefon: 070-2401226 Tala in ett meddelande med namn och telefonnummer s\u00e5 h\u00f6r vi av oss s\u00e5 snart vi kan. D\u00e5 vi alla \u00e4r volont\u00e4rer med heltidsarbeten, och \u00e4ven hem\/familj att ta hand om, kan det ibland vara sv\u00e5rt att&hellip;<\/p>\n<p><a class=\"more-link\" href=\"https:\/\/djurensvanner.se\/lidkoping\/kontakt\/\" title=\"Las mer &lsquo;Kontakt&rsquo;\">las mer <span class=\"meta-nav\">&rarr;<\/span><\/a><\/p>\n","protected":false},"author":1,"featured_media":0,"parent":0,"menu_order":0,"comment_status":"open","ping_status":"open","template":"","meta":{"_acf_changed":false,"footnotes":""},"class_list":["post-207","page","type-page","status-publish","hentry"],"acf":[],"_links":{"self":[{"href":"https:\/\/djurensvanner.se\/lidkoping\/wp-json\/wp\/v2\/pages\/207","targetHints":{"allow":["GET"]}}],"collection":[{"href":"https:\/\/djurensvanner.se\/lidkoping\/wp-json\/wp\/v2\/pages"}],"about":[{"href":"https:\/\/djurensvanner.se\/lidkoping\/wp-json\/wp\/v2\/types\/page"}],"author":[{"embeddable":true,"href":"https:\/\/djurensvanner.se\/lidkoping\/wp-json\/wp\/v2\/users\/1"}],"replies":[{"embeddable":true,"href":"https:\/\/djurensvanner.se\/lidkoping\/wp-json\/wp\/v2\/comments?post=207"}],"version-history":[{"count":43,"href":"https:\/\/djurensvanner.se\/lidkoping\/wp-json\/wp\/v2\/pages\/207\/revisions"}],"predecessor-version":[{"id":4353,"href":"https:\/\/djurensvanner.se\/lidkoping\/wp-json\/wp\/v2\/pages\/207\/revisions\/4353"}],"wp:attachment":[{"href":"https:\/\/djurensvanner.se\/lidkoping\/wp-json\/wp\/v2\/media?parent=207"}],"curies":[{"name":"wp","href":"https:\/\/api.w.org\/{rel}","templated":true}]}}