
{"id":825,"date":"2024-03-10T00:20:07","date_gmt":"2024-03-09T23:20:07","guid":{"rendered":"https:\/\/djurensvanner.se\/karlstad\/?page_id=825"},"modified":"2024-03-10T00:27:58","modified_gmt":"2024-03-09T23:27:58","slug":"testamente","status":"publish","type":"page","link":"https:\/\/djurensvanner.se\/karlstad\/testamente\/","title":{"rendered":"Hj\u00e4lp djur i n\u00f6d via ditt testamente"},"content":{"rendered":"<p style=\"text-align: left;\">Med hj\u00e4lp av Djurens V\u00e4nners riksorganisation kan du via en digital juristbyr\u00e5 uppr\u00e4tta ett testamente till f\u00f6rm\u00e5n f\u00f6r djur i n\u00f6d \u2013 helt kostnadsfritt f\u00f6r dig! Intresserad? P\u00e5 l\u00e4nken nedan leds du till riksorganisationens sida med mer information.<\/p>\n<h4 style=\"text-align: left;\"><a href=\"https:\/\/djurensvanner.se\/testamente\/\" target=\"_blank\" rel=\"noopener\">Klicka h\u00e4r f\u00f6r att l\u00e4sa mer om att uppr\u00e4tta ett testamente till f\u00f6rm\u00e5n f\u00f6r djur i n\u00f6d!<\/a><\/h4>\n<p>&nbsp;<\/p>\n<p><a href=\"https:\/\/djurensvanner.se\/goteborg\/wp-content\/uploads\/sites\/30\/2024\/01\/man_svart-katt.jpg\" data-rel=\"lightbox-image-0\" data-rl_title=\"\" data-rl_caption=\"\" title=\"\"><img loading=\"lazy\" decoding=\"async\" class=\"size-medium wp-image-2359 alignleft\" src=\"https:\/\/djurensvanner.se\/goteborg\/wp-content\/uploads\/sites\/30\/2024\/01\/man_svart-katt-260x300.jpg\" alt=\"\" width=\"260\" height=\"300\" \/><\/a><\/p>\n","protected":false},"excerpt":{"rendered":"<p>Med hj\u00e4lp av Djurens V\u00e4nners riksorganisation kan du via en digital juristbyr\u00e5 uppr\u00e4tta ett testamente till f\u00f6rm\u00e5n f\u00f6r djur i n\u00f6d \u2013 helt kostnadsfritt f\u00f6r dig! Intresserad? P\u00e5 l\u00e4nken nedan leds du till riksorganisationens sida med mer information. Klicka h\u00e4r f\u00f6r att l\u00e4sa mer om att uppr\u00e4tta ett testamente till f\u00f6rm\u00e5n f\u00f6r djur i n\u00f6d!&hellip;<\/p>\n<p><a class=\"more-link\" href=\"https:\/\/djurensvanner.se\/karlstad\/testamente\/\" title=\"Las mer &lsquo;Hj\u00e4lp djur i n\u00f6d via ditt testamente&rsquo;\">las mer <span class=\"meta-nav\">&rarr;<\/span><\/a><\/p>\n","protected":false},"author":20,"featured_media":0,"parent":0,"menu_order":0,"comment_status":"closed","ping_status":"closed","template":"","meta":{"_acf_changed":false,"footnotes":""},"class_list":["post-825","page","type-page","status-publish","hentry"],"acf":[],"_links":{"self":[{"href":"https:\/\/djurensvanner.se\/karlstad\/wp-json\/wp\/v2\/pages\/825","targetHints":{"allow":["GET"]}}],"collection":[{"href":"https:\/\/djurensvanner.se\/karlstad\/wp-json\/wp\/v2\/pages"}],"about":[{"href":"https:\/\/djurensvanner.se\/karlstad\/wp-json\/wp\/v2\/types\/page"}],"author":[{"embeddable":true,"href":"https:\/\/djurensvanner.se\/karlstad\/wp-json\/wp\/v2\/users\/20"}],"replies":[{"embeddable":true,"href":"https:\/\/djurensvanner.se\/karlstad\/wp-json\/wp\/v2\/comments?post=825"}],"version-history":[{"count":3,"href":"https:\/\/djurensvanner.se\/karlstad\/wp-json\/wp\/v2\/pages\/825\/revisions"}],"predecessor-version":[{"id":837,"href":"https:\/\/djurensvanner.se\/karlstad\/wp-json\/wp\/v2\/pages\/825\/revisions\/837"}],"wp:attachment":[{"href":"https:\/\/djurensvanner.se\/karlstad\/wp-json\/wp\/v2\/media?parent=825"}],"curies":[{"name":"wp","href":"https:\/\/api.w.org\/{rel}","templated":true}]}}