
{"id":749,"date":"2017-09-10T13:34:46","date_gmt":"2017-09-10T11:34:46","guid":{"rendered":"https:\/\/djurensvanner.se\/karlstad\/?page_id=749"},"modified":"2020-06-12T12:12:05","modified_gmt":"2020-06-12T10:12:05","slug":"historik","status":"publish","type":"page","link":"https:\/\/djurensvanner.se\/karlstad\/historik\/","title":{"rendered":"Historik"},"content":{"rendered":"<h3>Det var s\u00e5 det b\u00f6rjade<\/h3>\n<div class=\"main-heading\">\n<p class=\"title-byline\">De tre f\u00f6rsta f\u00f6reningarna inom Djurens V\u00e4nner bildades redan 1952 och under de kommande \u00e5ren v\u00e4xte man snabbt som organsiation i Sverige. 1957 var man uppe i tolv lokalf\u00f6reningar runt om i Sverige och beslutet togs att bilda en \u00f6vergripande organisation, F\u00f6reningarna Djurens V\u00e4nner Riksorganisation.<br \/>\nDen 8 junisamma \u00e5r samlades representanter fr\u00e5n sju av lokalf\u00f6reningarna i \u00d6rebro. Samtidigt som man beslutade om en riksorganisation passade man \u00e4ven p\u00e5 att dagen efter bilda en f\u00f6rening i just \u00d6rebro. Riksorganisationen var skapad och bestod allts\u00e5 nu av 13 lokalf\u00f6reningar.<br \/>\nMan besl\u00f6t att f\u00f6reningarna skulle betala en \u00e5rsavgift till organisationen motsvarande 5% av sin \u00e5rsavgift f\u00f6r medlemmarna. Medlemsavgiften l\u00e5g d\u00e5 p\u00e5 5 kr per \u00e5r och f\u00f6ljaktligen blev avgiften till Riksorganisationen 25 \u00f6re per medlem \/\u00e5r.<br \/>\nTill Riksorganisationens f\u00f6rsta ordinarie ordf\u00f6rande valdes senare Erik Lindahl fr\u00e5n Malm\u00f6.<\/p>\n<h4>Samma problem d\u00e5 som nu<\/h4>\n<p>Mycket har f\u00f6r\u00e4ndrats sedan 1957 och hel del har blivit b\u00e4ttre. Men det \u00e4r intressant att l\u00e4sa f\u00f6ljande citat redan i detta f\u00f6rsta officiella protokoll som skrevs:<br \/>\n\u201dDen eviga fr\u00e5gan, vad som skall g\u00f6ras och kan g\u00f6ras f\u00f6r alla de bortkomna och f\u00f6rvildade katterna i v\u00e5ra st\u00e4der, upptogs till diskussion. M\u00f6tet enade sig om att hemst\u00e4lla till alla Djurens V\u00e4nners \u2013 f\u00f6reningar, var och en p\u00e5 sin plats, att f\u00f6rs\u00f6ka l\u00f6sa denna fr\u00e5ga\u201d<br \/>\nDetta sades den 8 juni 1957! Har n\u00e5gon f\u00f6rening, organisation eller myndighet kunnat l\u00f6sa denna fr\u00e5ga idag, n\u00e4stan 60 \u00e5r senare&#8230;?<\/p>\n<h4>Tufft motst\u00e5nd<\/h4>\n<p>Det \u00e4r sv\u00e5rt f\u00f6r dagens djurv\u00e4nner att f\u00f6rst\u00e5 under vilket motst\u00e5nd en djurskyddsf\u00f6rening arbetade p\u00e5 50-talet. M\u00e5nga tidigare djurskyddsf\u00f6reningar hade tappat lusten att arbeta aktivt och fanns bara p\u00e5 pappret. Att g\u00f6ra sin r\u00f6st h\u00f6rd i en djurskyddsfr\u00e5ga i t ex en ins\u00e4ndare i en tidning var n\u00e4stintill om\u00f6jligt. Att verka i en djurskyddsf\u00f6rening har alltid varit att verka i hetluften, och under den f\u00f6rsta tiden f\u00f6r Riksorganisationen var det d\u00e4rf\u00f6r viktigt att arbeta fram en stabil organisation.<\/p>\n<h4>B\u00f6rjade v\u00e4xa<\/h4>\n<p>Man enades om att f\u00f6reningarna skulle g\u00f6ra egna flygblad och upplysa om sin egen verksamhet. Varje f\u00f6rening var sj\u00e4lvst\u00e4ndig och d\u00e4rmed f\u00f6ljde att man st\u00e4lldes inf\u00f6r olika djurskyddsproblem. Bl a f\u00f6rekom i s\u00f6dra Sverige \u201dbandhundar\u201d ett problem som man i norra delen av landet knappast k\u00e4nde till. Det var bedr\u00f6vligt att se hur \u201dm\u00e4nniskans b\u00e4ste v\u00e4n\u201d for illa ute i byarna d\u00e4r de stod fj\u00e4ttrade vid bristf\u00e4lliga kojor i hela sitt liv. H\u00e4r gjorde Malm\u00f6- och V\u00e4xj\u00f6f\u00f6reningarna en gemensam insats mot lantbrukare i Asarum och Blekinge. En h\u00e4ndelse som blev mycket omskriven i alla dagstidningar. Hundarna f\u00f6rsvann och Djurens V\u00e4nner fick nya medlemmar.<\/p>\n<h4>Katten var r\u00e4ttsl\u00f6s<\/h4>\n<p>Vid denna tid hade katten en r\u00e4ttsl\u00f6s st\u00e4llning. I \u00a723 Jaktlagen stod f\u00f6ljande: \u201dKatt, som antr\u00e4ffas utanf\u00f6r g\u00e5rd eller tr\u00e4dg\u00e5rd, m\u00e5 av jaktr\u00e4ttsinnehavaren, eller hans folk, sakl\u00f6st d\u00f6das. Inom t\u00e4ttbebyggt omr\u00e5de erfordras dock tillst\u00e5nd av polismyndigheten\u201d<br \/>\nDen 3 juni 1960 inl\u00e4mnade Riksorganisationen en skrivelse till Kungl. Justitiedepartementet<br \/>\nmed en hemst\u00e4llan, att \u00a723 skulle utg\u00e5 ur Jaktlagen. Det blev denna g\u00e5ng avslag, men Djurens V\u00e4nner gav sig inte utan v\u00e4nde sig till andra djurskyddsorganisationer och tillsammans med dem bearbetades myndigheterna. Det tog l\u00e5ng tid, men till slut hade inst\u00e4llningen till kattens status \u00e4ndrats och \u00a723 f\u00f6rsvann. Tr\u00e4gen vinner ibland!<\/p>\n<h4>Kampen forts\u00e4tter<\/h4>\n<p>Det h\u00e4nder mycket under 50 \u00e5r och den syn p\u00e5 djuren som fanns p\u00e5 50-, 60- och 70-talet har f\u00f6r\u00e4ndrats betydligt. Men man beh\u00f6ver bara l\u00e4sa dagstidningarna f\u00f6r att finna att det fortfarande beh\u00f6vs upplysningar i djurskyddsfr\u00e5gor och ingripanden i \u00f6vergrepp mot djur.<\/p>\n<h4>I korthet<\/h4>\n<p>F\u00f6r att skriva Riksorganisationens historia beh\u00f6vs mera utrymme \u00e4n h\u00e4r ovan och f\u00e5r anst\u00e5 tills en annan g\u00e5ng. N\u00e5gra \u00e5rtal f\u00f6rtj\u00e4nar dock att n\u00e4mnas.<br \/>\n\u2022 1964 besl\u00f6ts att tidningen Aktuellt, som d\u00e5 utgavs av Malm\u00f6-f\u00f6reningen till sina medlemmar, skulle \u00f6verg\u00e5 till att ges ut i Riksorganisationens regi.<br \/>\n\u2022 1971 blev Riksorganisationen medlem i World Society for the Protection of Animals (WSPA).<br \/>\n\u2022 1971 bildades den nordligaste Djurens V\u00e4nners &#8211; f\u00f6reningen, n\u00e4mligen i Sandviken, som blev den 14:e i ordningen.<br \/>\n\u2022 1975 inregistrerade Kungl. Patent- och Registreringsverket \u201dDjurens V\u00e4nner\u201d och varum\u00e4rke nr. 151\u202f810.<br \/>\n\u2022 1979 tillkom de Djurf\u00f6rs\u00f6ksetiska n\u00e4mnderna, och Djurens V\u00e4nner fick tv\u00e5 platser, Malm\u00f6\/Lund och G\u00f6teborg.<\/p>\n<p>Lokalf\u00f6reningar har tillkommit under \u00e5ren, men tyv\u00e4rr ocks\u00e5 fallit bort. Lika gl\u00e4djande som det \u00e4r n\u00e4r nya tillkommer lika tr\u00e5kigt \u00e4r det n\u00e4r lokalf\u00f6reningar tvingas l\u00e4gga ner. Det st\u00f6rsta problemet \u00e4r oftast att f\u00e5 ihop folk som vill engagera sig i en styrelse. Ofta finns det gott om djurv\u00e4nner, men inte lika m\u00e5nga som vill dra i styrelsearbetet och allt vad det inneb\u00e4r. Vi blir ocks\u00e5 alltmer sysselsatta p\u00e5 v\u00e5r fritid och det ideella arbetet blir svagare inom alla f\u00f6reningar oavsett om det handlar om idrottsf\u00f6reningar eller djur.<br \/>\nDet finns i dagsl\u00e4get 17 aktiva lokalf\u00f6reningar inom Djurens V\u00e4nner och Riksorganisationen kommer inom kort att inleda ett projekt att ut\u00f6ka detta inom landet. Det finns \u00e4ven fyra vilande: Gamleby, Helsingborg, V\u00e4ster\u00e5s och \u00d6rebro. Men f\u00f6rhoppningen finns att \u00e4ven de vilande f\u00f6reningarna ska komma ig\u00e5ng igen, och n\u00e5gra av dem har t om kvar sitt kapital i v\u00e4ntan p\u00e5 en nystart.<br \/>\nEn djurskyddsf\u00f6rening \u00e4r som en djurens fackf\u00f6rening, som skall f\u00f6ra djurens talan. En stark djurskyddsr\u00f6relse \u00e4r det b\u00e4sta st\u00f6d vi kan ge djuren.<\/p>\n<\/div>\n","protected":false},"excerpt":{"rendered":"<p>Det var s\u00e5 det b\u00f6rjade De tre f\u00f6rsta f\u00f6reningarna inom Djurens V\u00e4nner bildades redan 1952 och under de kommande \u00e5ren v\u00e4xte man snabbt som organsiation i Sverige. 1957 var man uppe i tolv lokalf\u00f6reningar runt om i Sverige och beslutet togs att bilda en \u00f6vergripande organisation, F\u00f6reningarna Djurens V\u00e4nner Riksorganisation. Den 8 junisamma \u00e5r samlades&hellip;<\/p>\n<p><a class=\"more-link\" href=\"https:\/\/djurensvanner.se\/karlstad\/historik\/\" title=\"Las mer &lsquo;Historik&rsquo;\">las mer <span class=\"meta-nav\">&rarr;<\/span><\/a><\/p>\n","protected":false},"author":2,"featured_media":0,"parent":0,"menu_order":0,"comment_status":"closed","ping_status":"closed","template":"","meta":{"_acf_changed":false,"footnotes":""},"class_list":["post-749","page","type-page","status-publish","hentry"],"acf":[],"_links":{"self":[{"href":"https:\/\/djurensvanner.se\/karlstad\/wp-json\/wp\/v2\/pages\/749","targetHints":{"allow":["GET"]}}],"collection":[{"href":"https:\/\/djurensvanner.se\/karlstad\/wp-json\/wp\/v2\/pages"}],"about":[{"href":"https:\/\/djurensvanner.se\/karlstad\/wp-json\/wp\/v2\/types\/page"}],"author":[{"embeddable":true,"href":"https:\/\/djurensvanner.se\/karlstad\/wp-json\/wp\/v2\/users\/2"}],"replies":[{"embeddable":true,"href":"https:\/\/djurensvanner.se\/karlstad\/wp-json\/wp\/v2\/comments?post=749"}],"version-history":[{"count":4,"href":"https:\/\/djurensvanner.se\/karlstad\/wp-json\/wp\/v2\/pages\/749\/revisions"}],"predecessor-version":[{"id":798,"href":"https:\/\/djurensvanner.se\/karlstad\/wp-json\/wp\/v2\/pages\/749\/revisions\/798"}],"wp:attachment":[{"href":"https:\/\/djurensvanner.se\/karlstad\/wp-json\/wp\/v2\/media?parent=749"}],"curies":[{"name":"wp","href":"https:\/\/api.w.org\/{rel}","templated":true}]}}