
{"id":328,"date":"2014-12-08T23:42:32","date_gmt":"2014-12-08T23:42:32","guid":{"rendered":"http:\/\/dvanner.se\/?page_id=328"},"modified":"2017-09-10T13:56:15","modified_gmt":"2017-09-10T11:56:15","slug":"betalning","status":"publish","type":"page","link":"https:\/\/djurensvanner.se\/karlstad\/stod-oss\/betalning\/","title":{"rendered":"Betalningar"},"content":{"rendered":"<p>Betalningar g\u00f6r du enklast till v\u00e5rt <strong>BankGiro 808 \u2013 5474<\/strong>.<br \/>\nGl\u00f6m inte att skriva att det g\u00e4ller en g\u00e5va eller medlemskap.<\/p>\n<p><em>Inom kort kommer man \u00e4ven att kunna ge g\u00e5vor eller bli medlem direkt h\u00e4r p\u00e5 hemsidan!<\/em><\/p>\n","protected":false},"excerpt":{"rendered":"<p>Betalningar g\u00f6r du enklast till v\u00e5rt BankGiro 808 \u2013 5474. Gl\u00f6m inte att skriva att det g\u00e4ller en g\u00e5va eller medlemskap. Inom kort kommer man \u00e4ven att kunna ge g\u00e5vor eller bli medlem direkt h\u00e4r p\u00e5 hemsidan!<\/p>\n","protected":false},"author":1,"featured_media":0,"parent":90,"menu_order":0,"comment_status":"open","ping_status":"open","template":"","meta":{"_acf_changed":false,"footnotes":""},"class_list":["post-328","page","type-page","status-publish","hentry"],"acf":[],"_links":{"self":[{"href":"https:\/\/djurensvanner.se\/karlstad\/wp-json\/wp\/v2\/pages\/328","targetHints":{"allow":["GET"]}}],"collection":[{"href":"https:\/\/djurensvanner.se\/karlstad\/wp-json\/wp\/v2\/pages"}],"about":[{"href":"https:\/\/djurensvanner.se\/karlstad\/wp-json\/wp\/v2\/types\/page"}],"author":[{"embeddable":true,"href":"https:\/\/djurensvanner.se\/karlstad\/wp-json\/wp\/v2\/users\/1"}],"replies":[{"embeddable":true,"href":"https:\/\/djurensvanner.se\/karlstad\/wp-json\/wp\/v2\/comments?post=328"}],"version-history":[{"count":4,"href":"https:\/\/djurensvanner.se\/karlstad\/wp-json\/wp\/v2\/pages\/328\/revisions"}],"predecessor-version":[{"id":755,"href":"https:\/\/djurensvanner.se\/karlstad\/wp-json\/wp\/v2\/pages\/328\/revisions\/755"}],"up":[{"embeddable":true,"href":"https:\/\/djurensvanner.se\/karlstad\/wp-json\/wp\/v2\/pages\/90"}],"wp:attachment":[{"href":"https:\/\/djurensvanner.se\/karlstad\/wp-json\/wp\/v2\/media?parent=328"}],"curies":[{"name":"wp","href":"https:\/\/api.w.org\/{rel}","templated":true}]}}