
{"id":2786,"date":"2025-05-27T20:06:27","date_gmt":"2025-05-27T18:06:27","guid":{"rendered":"https:\/\/djurensvanner.se\/goteborg\/?page_id=2786"},"modified":"2025-05-31T18:39:25","modified_gmt":"2025-05-31T16:39:25","slug":"praktik","status":"publish","type":"page","link":"https:\/\/djurensvanner.se\/goteborg\/praktik\/","title":{"rendered":"Praktik\/prao"},"content":{"rendered":"<p><a href=\"https:\/\/djurensvanner.se\/goteborg\/wp-content\/uploads\/sites\/30\/2025\/05\/simba.jpg\" data-rel=\"lightbox-image-0\" data-rl_title=\"\" data-rl_caption=\"\" title=\"\"><img loading=\"lazy\" decoding=\"async\" class=\" wp-image-2788 alignright\" src=\"https:\/\/djurensvanner.se\/goteborg\/wp-content\/uploads\/sites\/30\/2025\/05\/simba-251x300.jpg\" alt=\"\" width=\"212\" height=\"253\" srcset=\"https:\/\/djurensvanner.se\/goteborg\/wp-content\/uploads\/sites\/30\/2025\/05\/simba-251x300.jpg 251w, https:\/\/djurensvanner.se\/goteborg\/wp-content\/uploads\/sites\/30\/2025\/05\/simba-857x1024.jpg 857w, https:\/\/djurensvanner.se\/goteborg\/wp-content\/uploads\/sites\/30\/2025\/05\/simba-768x918.jpg 768w, https:\/\/djurensvanner.se\/goteborg\/wp-content\/uploads\/sites\/30\/2025\/05\/simba-1285x1536.jpg 1285w, https:\/\/djurensvanner.se\/goteborg\/wp-content\/uploads\/sites\/30\/2025\/05\/simba-293x350.jpg 293w, https:\/\/djurensvanner.se\/goteborg\/wp-content\/uploads\/sites\/30\/2025\/05\/simba-84x100.jpg 84w, https:\/\/djurensvanner.se\/goteborg\/wp-content\/uploads\/sites\/30\/2025\/05\/simba.jpg 1713w\" sizes=\"auto, (max-width: 212px) 100vw, 212px\" \/><\/a>Vi f\u00e5r ofta fr\u00e5gor om vi kan ta emot praktikanter, praoelever eller unga som p\u00e5 n\u00e5got s\u00e4tt \u00f6nskar en plats hos oss. <strong>Eftersom vi har 18-\u00e5rsgr\u00e4ns har vi tyv\u00e4rr inte m\u00f6jlighet till det<\/strong>. Vi som arbetar p\u00e5 katthemmet \u00e4r alla volont\u00e4rer och har inte m\u00f6jlighet att handleda unga som g\u00f6r praktik eller motsvarande.<\/p>\n<h4>Undantag<\/h4>\n<p>Vi kan ibland i m\u00e5n av plats ta emot personer som arbetstr\u00e4nar, d\u00e5 i samarbete med arbetsf\u00f6rmedlingen. Vi har \u00e4ven ett bra samarbete med gymnasieskolor med djurv\u00e5rdsprogram, d\u00e4r sista\u00e5rseleverna kan g\u00f6ra praktik hos oss.<\/p>\n","protected":false},"excerpt":{"rendered":"<p>Vi f\u00e5r ofta fr\u00e5gor om vi kan ta emot praktikanter, praoelever eller unga som p\u00e5 n\u00e5got s\u00e4tt \u00f6nskar en plats hos oss. Eftersom vi har 18-\u00e5rsgr\u00e4ns har vi tyv\u00e4rr inte m\u00f6jlighet till det. Vi som arbetar p\u00e5 katthemmet \u00e4r alla volont\u00e4rer och har inte m\u00f6jlighet att handleda unga som g\u00f6r praktik eller motsvarande. Undantag Vi&hellip;<\/p>\n<p><a class=\"more-link\" href=\"https:\/\/djurensvanner.se\/goteborg\/praktik\/\" title=\"Las mer &lsquo;Praktik\/prao&rsquo;\">las mer <span class=\"meta-nav\">&rarr;<\/span><\/a><\/p>\n","protected":false},"author":20,"featured_media":0,"parent":0,"menu_order":0,"comment_status":"closed","ping_status":"closed","template":"","meta":{"_acf_changed":false,"footnotes":""},"class_list":["post-2786","page","type-page","status-publish","hentry"],"acf":[],"_links":{"self":[{"href":"https:\/\/djurensvanner.se\/goteborg\/wp-json\/wp\/v2\/pages\/2786","targetHints":{"allow":["GET"]}}],"collection":[{"href":"https:\/\/djurensvanner.se\/goteborg\/wp-json\/wp\/v2\/pages"}],"about":[{"href":"https:\/\/djurensvanner.se\/goteborg\/wp-json\/wp\/v2\/types\/page"}],"author":[{"embeddable":true,"href":"https:\/\/djurensvanner.se\/goteborg\/wp-json\/wp\/v2\/users\/20"}],"replies":[{"embeddable":true,"href":"https:\/\/djurensvanner.se\/goteborg\/wp-json\/wp\/v2\/comments?post=2786"}],"version-history":[{"count":7,"href":"https:\/\/djurensvanner.se\/goteborg\/wp-json\/wp\/v2\/pages\/2786\/revisions"}],"predecessor-version":[{"id":2798,"href":"https:\/\/djurensvanner.se\/goteborg\/wp-json\/wp\/v2\/pages\/2786\/revisions\/2798"}],"wp:attachment":[{"href":"https:\/\/djurensvanner.se\/goteborg\/wp-json\/wp\/v2\/media?parent=2786"}],"curies":[{"name":"wp","href":"https:\/\/api.w.org\/{rel}","templated":true}]}}