
{"id":2464,"date":"2024-05-12T00:21:32","date_gmt":"2024-05-11T22:21:32","guid":{"rendered":"https:\/\/djurensvanner.se\/goteborg\/?page_id=2464"},"modified":"2024-12-08T13:09:46","modified_gmt":"2024-12-08T12:09:46","slug":"volontarerna-berattar","status":"publish","type":"page","link":"https:\/\/djurensvanner.se\/goteborg\/volontararbete\/volontarerna-berattar\/","title":{"rendered":"Volont\u00e4rarbeta p\u00e5 v\u00e5rt katthem"},"content":{"rendered":"<p><a href=\"https:\/\/djurensvanner.se\/goteborg\/wp-content\/uploads\/sites\/30\/2024\/05\/volontar_leonard.jpg\" data-rel=\"lightbox-image-0\" data-rl_title=\"\" data-rl_caption=\"\" title=\"\"><img loading=\"lazy\" decoding=\"async\" class=\"alignright wp-image-2460\" src=\"https:\/\/djurensvanner.se\/goteborg\/wp-content\/uploads\/sites\/30\/2024\/05\/volontar_leonard-286x300.jpg\" alt=\"\" width=\"266\" height=\"279\" srcset=\"https:\/\/djurensvanner.se\/goteborg\/wp-content\/uploads\/sites\/30\/2024\/05\/volontar_leonard-286x300.jpg 286w, https:\/\/djurensvanner.se\/goteborg\/wp-content\/uploads\/sites\/30\/2024\/05\/volontar_leonard-976x1024.jpg 976w, https:\/\/djurensvanner.se\/goteborg\/wp-content\/uploads\/sites\/30\/2024\/05\/volontar_leonard-768x806.jpg 768w, https:\/\/djurensvanner.se\/goteborg\/wp-content\/uploads\/sites\/30\/2024\/05\/volontar_leonard-1464x1536.jpg 1464w, https:\/\/djurensvanner.se\/goteborg\/wp-content\/uploads\/sites\/30\/2024\/05\/volontar_leonard-334x350.jpg 334w, https:\/\/djurensvanner.se\/goteborg\/wp-content\/uploads\/sites\/30\/2024\/05\/volontar_leonard-95x100.jpg 95w, https:\/\/djurensvanner.se\/goteborg\/wp-content\/uploads\/sites\/30\/2024\/05\/volontar_leonard.jpg 1952w\" sizes=\"auto, (max-width: 266px) 100vw, 266px\" \/><\/a>Det \u00e4r m\u00e5nga som intresserar sig f\u00f6r att volont\u00e4rarbeta hos oss, men innan man b\u00f6rjat \u00e4r det sv\u00e5rt att veta vad det egentligen inneb\u00e4r. Det vill vi d\u00e4rf\u00f6r beskriva, och visst vore det l\u00e4mpligt att f\u00e5 h\u00f6ra fr\u00e5n de som redan \u00e4r volont\u00e4rer vad de s\u00e4ger om saken? Vi bad v\u00e5ra volont\u00e4rer besvara ett par fr\u00e5gor och har h\u00e4r sammanst\u00e4llt vad de sa f\u00f6r att f\u00f6rhoppningsvis ge en bred och uppriktig bild av hur olika personer upplever uppdraget. Svaren nedan \u00e4r ett urval av vad flera volont\u00e4rer svarat &#8211; en blandad grupp av personer som jobbat hos oss allt ifr\u00e5n n\u00e5gra veckor till \u00f6ver 10 \u00e5r!<\/p>\n<p><em>Uppdaterad: 2024-05-11<\/em><\/p>\n<h3>Vad \u00e4r det b\u00e4sta med att vara volont\u00e4r?<\/h3>\n<ul>\n<li>Att umg\u00e5s med katterna s\u00e5 klart. Att f\u00e5 f\u00f6lja deras utveckling, och veta att de kommer till hem d\u00e4r de blir \u00e4lskade och ompysslade.<\/li>\n<li>Katterna och alla mysiga m\u00e4nniskor som man m\u00f6ter.<\/li>\n<li>Att se utvecklingen fr\u00e5n att en katt kommer in och att den f\u00e5r ett nytt hem. Speciellt de skygga katterna, de som bor hos oss s\u00e5 l\u00e4nge och som duktiga volont\u00e4rer jobbar med f\u00f6r att f\u00e5 trygga. Att sen se deras namn i kalendern och veta att det \u00e4ntligen \u00e4r deras tur att f\u00e5 ett hem, det k\u00e4nns v\u00e4ldigt fint.<\/li>\n<li>N\u00e4r man \u00e4ntligen kan klappa en katt som var v\u00e4ldigt skygg \/ inte tam.<\/li>\n<li>Att jag f\u00e5r g\u00f6ra det jag brinner f\u00f6r (att hj\u00e4lpa utsatta individer) i kombination med att l\u00e4ra mig mer om det jag \u00e4lskar (djur).<\/li>\n<li>Nummer 1 \u00e4r s\u00e5 klart de ljuvliga katterna vi har \u00e4ran att f\u00e5 l\u00e4ra k\u00e4nna, se utvecklas och sedan vinka hej d\u00e5 till n\u00e4r de f\u00e5r ett nytt hem! Men en stark andraplats \u00e4r de fina m\u00e4nniskor vi m\u00f6ter, b\u00e5de i volont\u00e4rer, bes\u00f6kare som vill adoptera och andra som vill bidra till v\u00e5r f\u00f6rening och katterna via donationer och att sprida v\u00e5rt budskap.<\/li>\n<li>Man k\u00e4nner att man g\u00f6r en meningsfull uppgift som man brinner f\u00f6r. Och alla katter ger n\u00e5gonting p\u00e5 sina villkor.<\/li>\n<li>Det g\u00e5r inte att bortse fr\u00e5n att katterna \u00e4r det uppenbara dragpl\u00e5stret, men \u00e4ven k\u00e4nslan av att vara en del av n\u00e5got st\u00f6rre som ofta g\u00f6r otroligt stor skillnad f\u00f6r de som f\u00e5r hj\u00e4lp via f\u00f6reningen &#8211; b\u00e5de katter och m\u00e4nniskor &#8211; \u00e4r v\u00e4ldigt givande.<\/li>\n<\/ul>\n<blockquote><p>Minne ber\u00e4ttat av volont\u00e4r:<br \/>\n&#8220;M\u00e5nga fina minnen men ett \u00e4r mamma Simona och att f\u00e5 vara med och se hennes sm\u00e5 ungar v\u00e4xa och hur fin mamma hon var \u00e5t sina ungar.&#8221;<\/p><\/blockquote>\n<h3>Finns det n\u00e5got du skulle vilja n\u00e4mna som du tycker att de som funderar p\u00e5 att ans\u00f6ka om att bli volont\u00e4r b\u00f6r veta om?<\/h3>\n<p><img loading=\"lazy\" decoding=\"async\" class=\"size-medium wp-image-2461 alignleft\" src=\"https:\/\/djurensvanner.se\/goteborg\/wp-content\/uploads\/sites\/30\/2024\/05\/volontar_bamse-300x210.jpg\" alt=\"\" width=\"300\" height=\"210\" srcset=\"https:\/\/djurensvanner.se\/goteborg\/wp-content\/uploads\/sites\/30\/2024\/05\/volontar_bamse-300x210.jpg 300w, https:\/\/djurensvanner.se\/goteborg\/wp-content\/uploads\/sites\/30\/2024\/05\/volontar_bamse-1024x717.jpg 1024w, https:\/\/djurensvanner.se\/goteborg\/wp-content\/uploads\/sites\/30\/2024\/05\/volontar_bamse-768x538.jpg 768w, https:\/\/djurensvanner.se\/goteborg\/wp-content\/uploads\/sites\/30\/2024\/05\/volontar_bamse-1536x1076.jpg 1536w, https:\/\/djurensvanner.se\/goteborg\/wp-content\/uploads\/sites\/30\/2024\/05\/volontar_bamse-350x245.jpg 350w, https:\/\/djurensvanner.se\/goteborg\/wp-content\/uploads\/sites\/30\/2024\/05\/volontar_bamse-143x100.jpg 143w, https:\/\/djurensvanner.se\/goteborg\/wp-content\/uploads\/sites\/30\/2024\/05\/volontar_bamse.jpg 2048w\" sizes=\"auto, (max-width: 300px) 100vw, 300px\" \/><\/p>\n<ul>\n<li>Det \u00e4r ett jobb, inte ett kattcaf\u00e9. Men det tror jag \u00e4nd\u00e5 de flesta som ans\u00f6ker f\u00f6rst\u00e5r.<\/li>\n<li>Det \u00e4r mycket st\u00e4dning men det \u00e4r ocks\u00e5 viktigt att katterna blir sedda av oss som \u00e4r volont\u00e4rer. Om man k\u00e4nner att det blir enbart st\u00e4dning vissa pass d\u00e5 f\u00e5r man faktiskt s\u00e4ga ifr\u00e5n tycker jag, s\u00e5 att man f\u00e5r en stund med katterna ocks\u00e5!<\/li>\n<li>Som ny volont\u00e4r \u00e4r det bra att vara \u00f6dmjuk. R\u00e4kna med att det kommer vara mycket nytt &#8211; \u00e4ven om du haft katt hela livet finns det mer att l\u00e4ra sig! Det \u00e4r ocks\u00e5 en annan sak att ta hand om en eller ett par katter hemma j\u00e4mf\u00f6rt med s\u00e5 m\u00e5nga vi har p\u00e5 katthemmet.<\/li>\n<li>Att det \u00e4r slitigt ibland. Det kan vara mycket att g\u00f6ra s\u00e5 klappa katter kan man g\u00f6ra n\u00e4r vi fikar eller om man har tid n\u00e4r man gjort det mesta.<\/li>\n<li>De beh\u00f6ver vara beredda p\u00e5 att det \u00e4r mycket st\u00e4d.<\/li>\n<li>Att tolerans \u00e4r A och O. Vi kan l\u00e4ra av varandra.<\/li>\n<li>Det \u00e4r tungt ibland. Det \u00e4r mycket fint och m\u00e5nga fina historier, men ibland kommer det in en katt och man ser &#8211; om man ska vara lite dramatisk &#8211; en m\u00f6rkare sida av samh\u00e4llet. Men vi \u00e4r d\u00e4r f\u00f6r att hj\u00e4lpa och g\u00f6ra det b\u00e4ttre f\u00f6r katterna, s\u00e5 det \u00e4r det man f\u00e5r f\u00f6rs\u00f6ka fokusera p\u00e5.<\/li>\n<li>Det \u00e4r mycket st\u00e4dning, kanske mer \u00e4n du f\u00f6rv\u00e4ntar dig. Men det \u00e4r v\u00e4rt det!<\/li>\n<\/ul>\n<h3>Vad har du l\u00e4rt dig under din tid som volont\u00e4r p\u00e5 katthemmet?<\/h3>\n<ul>\n<li>Jag har l\u00e4rt mig enormt mycket om katter och deras v\u00e4lbefinnande. P\u00e5 katthemmet f\u00e5r vi in alla m\u00f6jliga katter, b\u00e5de sett till personlighet och h\u00e4lsa, vilket \u00f6ppnar upp f\u00f6r ny kunskap.<\/li>\n<li>Att alla katter \u00e4r olika och varje katt g\u00e5r igenom sin egen process, att med t\u00e5lamod och k\u00e4rlek kan den mest skygga katten blir tam.<\/li>\n<li>Att l\u00e4sa av katter p\u00e5 ett helt annat s\u00e4tt, b\u00e5de mina egna och fr\u00e4mlingar, i verkliga livet och p\u00e5 video. Det blev en konstig insikt en dag, n\u00e4r jag pl\u00f6tsligt b\u00f6rjade informera andra m\u00e4nniskor om vad katterna ville &#8211; &#8220;nu vill hon bli kliad p\u00e5 huvudet&#8221;&#8230;<\/li>\n<li>Jag hade aldrig haft katt innan jag b\u00f6rjade, s\u00e5 jag l\u00e4rde mig mycket om katth\u00e4lsa, deras beteende och behov. Men det \u00e4r ocks\u00e5 sp\u00e4nnande att f\u00e5 vara med bakom kulisserna och se hur en ideell organisation drivs av bara volont\u00e4rer.<\/li>\n<li>Reng\u00f6ring av vattenfont\u00e4ner, reng\u00f6ring av kattburar osv, att alla katter beter sig olika och verkligen har sina egna personligheter. Hur man socialiserar sig med skygga katter.<\/li>\n<li>Jag har blivit b\u00e4ttre p\u00e5 att se vilken katt som \u00e4r l\u00e4tt och vilka som \u00e4r sv\u00e5ra. Medicinering \u00e4r ocks\u00e5 bra att kunna.<\/li>\n<li>Dels praktiska g\u00f6rom\u00e5l, vilket l\u00e4rt mig mer om olika djurarters s\u00e4tt att kommunicera. Att jag vill arbeta med det, i kombination med att hj\u00e4lpa de mest utsatta djuren i samh\u00e4llet, livet ut.<\/li>\n<\/ul>\n<h3>Om du t\u00e4nker tillbaka p\u00e5 innan du b\u00f6rjade som volont\u00e4r och p\u00e5 hur du trodde att det skulle vara att volont\u00e4rarbeta p\u00e5 katthemmet &#8211; hur har den bilden f\u00f6r\u00e4ndrats?<a href=\"https:\/\/djurensvanner.se\/goteborg\/wp-content\/uploads\/sites\/30\/2024\/05\/volontar_conny.jpg\" data-rel=\"lightbox-image-1\" data-rl_title=\"\" data-rl_caption=\"\" title=\"\"><img loading=\"lazy\" decoding=\"async\" class=\" wp-image-2481 alignright\" src=\"https:\/\/djurensvanner.se\/goteborg\/wp-content\/uploads\/sites\/30\/2024\/05\/volontar_conny-244x300.jpg\" alt=\"\" width=\"194\" height=\"239\" srcset=\"https:\/\/djurensvanner.se\/goteborg\/wp-content\/uploads\/sites\/30\/2024\/05\/volontar_conny-244x300.jpg 244w, https:\/\/djurensvanner.se\/goteborg\/wp-content\/uploads\/sites\/30\/2024\/05\/volontar_conny-833x1024.jpg 833w, https:\/\/djurensvanner.se\/goteborg\/wp-content\/uploads\/sites\/30\/2024\/05\/volontar_conny-768x945.jpg 768w, https:\/\/djurensvanner.se\/goteborg\/wp-content\/uploads\/sites\/30\/2024\/05\/volontar_conny-1249x1536.jpg 1249w, https:\/\/djurensvanner.se\/goteborg\/wp-content\/uploads\/sites\/30\/2024\/05\/volontar_conny-285x350.jpg 285w, https:\/\/djurensvanner.se\/goteborg\/wp-content\/uploads\/sites\/30\/2024\/05\/volontar_conny-81x100.jpg 81w, https:\/\/djurensvanner.se\/goteborg\/wp-content\/uploads\/sites\/30\/2024\/05\/volontar_conny.jpg 1665w\" sizes=\"auto, (max-width: 194px) 100vw, 194px\" \/><\/a><\/h3>\n<ul>\n<li>Varit som jag t\u00e4nkt mig f\u00f6rutom att man f\u00e5r v\u00e4ldigt mycket mer k\u00e4rlek tillbaka av alla katter \u00e4n vad jag trodde.<\/li>\n<li>Det \u00e4r mer givande \u00e4n vad jag t\u00e4nkte p\u00e5 fr\u00e5n b\u00f6rjan.<\/li>\n<li>Jag visste att det skulle vara mycket st\u00e4da, men det var \u00e4nd\u00e5 mer \u00e4n jag trodde.<\/li>\n<li>Den har bara f\u00f6r\u00e4ndrats till det b\u00e4ttre!<\/li>\n<li>Trodde det skulle vara mer slitigt.<\/li>\n<li>Det \u00e4r definitivt mer st\u00e4dning \u00e4n vad jag trodde att det skulle vara. D\u00e4remot s\u00e5 k\u00e4nns det fullst\u00e4ndigt rimligt s\u00e5 l\u00e4nge man f\u00e5r en stund med katterna.<\/li>\n<\/ul>\n<blockquote><p><span data-sheets-root=\"1\" data-sheets-value=\"{&quot;1&quot;:2,&quot;2&quot;:&quot;En dag n\u00e4r jag kom till katthemmet s\u00e5 fanns det en kattunge som beh\u00f6vde handmatas (vilket jag fick g\u00f6ra). Chanserna f\u00f6r att den skulle \u00f6verleva s\u00e5g inte goda ut tyv\u00e4rr, och den \u00f6verlevde inte tills n\u00e4sta dag. Jag blev ledsen s\u00e5klart att den inte klarade sig, men b\u00f6rjade ocks\u00e5 t\u00e4nka p\u00e5 vilket viktigt arbete Djurens V\u00e4nner g\u00f6r, och \u00e4ven fast alla katter inte \u00f6verlever som kommer in s\u00e5 f\u00e5r m\u00e5nga mer katter en chans till livet som det inte skulle f\u00e5tt om f\u00f6reningen inte funnits. &quot;}\" data-sheets-userformat=\"{&quot;2&quot;:771,&quot;3&quot;:{&quot;1&quot;:0},&quot;4&quot;:{&quot;1&quot;:2,&quot;2&quot;:15389148},&quot;11&quot;:4,&quot;12&quot;:0}\">Minne ber\u00e4ttat av volont\u00e4r:<br \/>\n&#8220;En dag n\u00e4r jag kom till katthemmet s\u00e5 fanns det en kattunge som beh\u00f6vde handmatas (vilket jag fick g\u00f6ra). Chanserna f\u00f6r att den skulle \u00f6verleva s\u00e5g inte goda ut tyv\u00e4rr, och den \u00f6verlevde inte tills n\u00e4sta dag. Jag blev ledsen s\u00e5klart att den inte klarade sig, men b\u00f6rjade ocks\u00e5 t\u00e4nka p\u00e5 vilket viktigt arbete Djurens V\u00e4nner g\u00f6r, och \u00e4ven fast alla katter inte \u00f6verlever som kommer in s\u00e5 f\u00e5r m\u00e5nga mer katter en chans till livet som det inte skulle f\u00e5tt om f\u00f6reningen inte funnits.&#8221;<br \/>\n<\/span><\/p><\/blockquote>\n<h3><\/h3>\n<h3><\/h3>\n<h3>Vad f\u00f6r egenskaper uppskattar du hos andra volont\u00e4rer?<\/h3>\n<ul>\n<li>Jag uppskattar n\u00e5gon med ett genuint intresse av att vilja g\u00f6ra skillnad, som vill och v\u00e5gar ta initiativ. N\u00e5gon som f\u00f6rst\u00e5r att alla volont\u00e4rer \u00e4r v\u00e4rdefulla och d\u00e4rmed prioriterar att komma och jobba som utlovat.<\/li>\n<li>Respekt och kommunikation.<\/li>\n<li>Vilja att samarbeta. Man f\u00e5r g\u00e4rna k\u00f6ra sin egen stil, ha sina egna rutiner, men passet blir l\u00e4ttare och trevligare om man kan lyssna p\u00e5 varandra s\u00e5 allt blir gjort och alla f\u00e5r ut n\u00e5got positivt av dagen.<\/li>\n<li>V\u00e4nligt bem\u00f6tande, social kompetens.<\/li>\n<li>Jag uppskattar n\u00e4r andra volont\u00e4rer \u00e4r prestigel\u00f6sa och hj\u00e4lpsamma mot varandra.<\/li>\n<li>Effektivitet, vilja att bidra, p\u00e5litlighet.<\/li>\n<li>Att man \u00e4r redo f\u00f6r ett seri\u00f6st engagemang och vill bidra till att katterna ska ha det s\u00e5 bra som m\u00f6jligt under den tid de bor p\u00e5 katthemmet, och \u00e4r villig att dela p\u00e5 de tr\u00e5kiga uppgifterna f\u00f6r att ocks\u00e5 f\u00e5 dela p\u00e5 de roliga. Ibland kan man beh\u00f6va offra sig och jobba ett pass trots att man tex hellre velat ha sovmorgon.<\/li>\n<li>Att dom kan jobba sj\u00e4lvst\u00e4ndigt, tar egna initiativ och att f\u00e5 veta lite om hur de lever. Alla \u00e4r vi olika och det g\u00f6r det roligt och sp\u00e4nnande.<\/li>\n<\/ul>\n<h3><a href=\"https:\/\/djurensvanner.se\/goteborg\/wp-content\/uploads\/sites\/30\/2024\/05\/volontar_maja.jpg\" data-rel=\"lightbox-image-2\" data-rl_title=\"\" data-rl_caption=\"\" title=\"\"><img loading=\"lazy\" decoding=\"async\" class=\" wp-image-2462 alignright\" src=\"https:\/\/djurensvanner.se\/goteborg\/wp-content\/uploads\/sites\/30\/2024\/05\/volontar_maja-285x300.jpg\" alt=\"\" width=\"231\" height=\"243\" srcset=\"https:\/\/djurensvanner.se\/goteborg\/wp-content\/uploads\/sites\/30\/2024\/05\/volontar_maja-285x300.jpg 285w, https:\/\/djurensvanner.se\/goteborg\/wp-content\/uploads\/sites\/30\/2024\/05\/volontar_maja-972x1024.jpg 972w, https:\/\/djurensvanner.se\/goteborg\/wp-content\/uploads\/sites\/30\/2024\/05\/volontar_maja-768x810.jpg 768w, https:\/\/djurensvanner.se\/goteborg\/wp-content\/uploads\/sites\/30\/2024\/05\/volontar_maja-1457x1536.jpg 1457w, https:\/\/djurensvanner.se\/goteborg\/wp-content\/uploads\/sites\/30\/2024\/05\/volontar_maja-332x350.jpg 332w, https:\/\/djurensvanner.se\/goteborg\/wp-content\/uploads\/sites\/30\/2024\/05\/volontar_maja-95x100.jpg 95w, https:\/\/djurensvanner.se\/goteborg\/wp-content\/uploads\/sites\/30\/2024\/05\/volontar_maja.jpg 1943w\" sizes=\"auto, (max-width: 231px) 100vw, 231px\" \/><\/a>Varf\u00f6r vill du forts\u00e4tta vara volont\u00e4r?<\/h3>\n<ul>\n<li>Det finns alltf\u00f6r m\u00e5nga katter som p\u00e5 olika s\u00e4tt far illa i v\u00e5rat samh\u00e4lle, n\u00e5got jag vill vara med och s\u00e4tta stopp f\u00f6r. Att vara volont\u00e4r och tr\u00e4ffa likasinnade har dessutom gett mig en k\u00e4nsla av gemenskap som jag tidigare saknat i livet.<\/li>\n<li>Att f\u00e5 vara bland katterna var det som fick mig att bli volont\u00e4r, men med \u00e5ren m\u00e4rker jag att det ocks\u00e5 \u00e4r mycket annat som f\u00e5r mig att stanna. Att l\u00e4ra mig mer om djurskydd och f\u00e5 f\u00f6rst\u00e5else f\u00f6r de problem djur i v\u00e5rt samh\u00e4lle hamnar i har blivit en hj\u00e4rtefr\u00e5ga som jag vill forts\u00e4tta engagera mig i.<\/li>\n<li>F\u00f6r jag vet att jag g\u00f6r nytta, jag hj\u00e4lper till s\u00e5 att katterna f\u00e5r ett fint och bra liv just p\u00e5 katthemmet ist\u00e4llet f\u00f6r att de ska g\u00e5 ute p\u00e5 gatan. Det g\u00f6r gott f\u00f6r sj\u00e4len, samt att man f\u00e5r m\u00f6ta olika katter och att man f\u00e5r massa k\u00e4rlek fr\u00e5n dem.<\/li>\n<li>Jag tycker fortfarande att det \u00e4r roligt och det \u00e4r roligt att tr\u00e4ffa nya m\u00e4nniskor som jag annars inte skulle tr\u00e4ffat.<\/li>\n<li>F\u00f6r det \u00e4r gl\u00e4djande och berikar livet.<\/li>\n<li>F\u00f6r att det \u00e4r trevligt att komma till katthemmet och tr\u00e4ffa b\u00e5de katter och volont\u00e4rer.<\/li>\n<li>Jag vet att arbetet vi g\u00f6r \u00e4r v\u00e4rdefullt och viktigt. Det k\u00e4nns bra att kunna bidra.<\/li>\n<li>F\u00f6r att, om m\u00f6jligt, g\u00f6ra skillnad f\u00f6r katterna som kommer in. Att g\u00f6ra n\u00e5got litet som \u00f6kar deras v\u00e4lbefinnande, \u00e5terh\u00e4mtning.<\/li>\n<li>Det finns ingenting som sl\u00e5r k\u00e4nslan av att f\u00e5 vara en liten del i rehabiliteringen av ett djur som har haft det sv\u00e5rt.<\/li>\n<\/ul>\n<blockquote><p><span data-sheets-root=\"1\" data-sheets-value=\"{&quot;1&quot;:2,&quot;2&quot;:&quot;Mitt fr\u00e4msta minne kommer alltid att vara min katt och m\u00f6tet med henne f\u00f6rsta g\u00e5ngen p\u00e5 katthemmet. (Min styvdotter skulle skaffa katt, vilket slutade med att en katt valde mig. Jag besl\u00f6t mig f\u00f6r att adoptera henne d\u00e4r och d\u00e5. Allt k\u00e4ndes r\u00e4tt.) Vi kompletterar varandra och hon \u00e4r den individ som betyder allra mest f\u00f6r mig. \u00c4ven om vi \u00e4r olika slags djur, med olika behov, egenskaper och s\u00e4tt att kommunicera, s\u00e5 har hon en plats i mitt hj\u00e4rta som om hon vore min dotter. Det har bitvis varit tufft ibland f\u00f6r oss b\u00e5da, men k\u00e4rleken sl\u00e5r det mesta. Hade inte v\u00e4ntat mig att k\u00e4nna s\u00e5 f\u00f6r en katt igen. \ud83d\ude0a &quot;}\" data-sheets-userformat=\"{&quot;2&quot;:769,&quot;3&quot;:{&quot;1&quot;:0},&quot;11&quot;:4,&quot;12&quot;:0}\">Minne ber\u00e4ttat av volont\u00e4r:<br \/>\n&#8220;Mitt fr\u00e4msta minne kommer alltid att vara min katt och m\u00f6tet med henne f\u00f6rsta g\u00e5ngen p\u00e5 katthemmet.\u00a0 Vi kompletterar varandra och hon \u00e4r den individ som betyder allra mest f\u00f6r mig. \u00c4ven om vi \u00e4r olika slags djur, med olika behov, egenskaper och s\u00e4tt att kommunicera, s\u00e5 har hon en plats i mitt hj\u00e4rta som om hon vore min dotter.<br \/>\n<\/span><\/p><\/blockquote>\n<h3><\/h3>\n<h3>Allt man g\u00f6r som volont\u00e4r \u00e4r inte alltid j\u00e4tteroligt. Kan du s\u00e4ga n\u00e5got om de mindre roliga delarna av volont\u00e4rarbetet och varf\u00f6r det \u00e4nd\u00e5 m\u00e5ste g\u00f6ras?<img loading=\"lazy\" decoding=\"async\" class=\" wp-image-2259 alignleft\" src=\"https:\/\/djurensvanner.se\/goteborg\/wp-content\/uploads\/sites\/30\/2023\/10\/kaffe1-200x300.jpg\" alt=\"\" width=\"182\" height=\"273\" srcset=\"https:\/\/djurensvanner.se\/goteborg\/wp-content\/uploads\/sites\/30\/2023\/10\/kaffe1-200x300.jpg 200w, https:\/\/djurensvanner.se\/goteborg\/wp-content\/uploads\/sites\/30\/2023\/10\/kaffe1-683x1024.jpg 683w, https:\/\/djurensvanner.se\/goteborg\/wp-content\/uploads\/sites\/30\/2023\/10\/kaffe1-768x1152.jpg 768w, https:\/\/djurensvanner.se\/goteborg\/wp-content\/uploads\/sites\/30\/2023\/10\/kaffe1-1024x1536.jpg 1024w, https:\/\/djurensvanner.se\/goteborg\/wp-content\/uploads\/sites\/30\/2023\/10\/kaffe1-233x350.jpg 233w, https:\/\/djurensvanner.se\/goteborg\/wp-content\/uploads\/sites\/30\/2023\/10\/kaffe1-67x100.jpg 67w, https:\/\/djurensvanner.se\/goteborg\/wp-content\/uploads\/sites\/30\/2023\/10\/kaffe1.jpg 1200w\" sizes=\"auto, (max-width: 182px) 100vw, 182px\" \/><\/h3>\n<ul>\n<li>Tycker att alla uppgifter har sin charm men st\u00e4dning \u00e4r ju inte j\u00e4tteroligt men beh\u00f6ver g\u00f6ras med tanke p\u00e5 hygienen etc att det ska vara rent och fr\u00e4scht.<\/li>\n<li>Jag \u00e4r inte s\u00e4rskilt f\u00f6rtjust i att storst\u00e4da, men det det \u00e4r n\u00f6dv\u00e4ndigt f\u00f6r att det ska vara trivsamt b\u00e5de f\u00f6r katter och volont\u00e4rer. Katter \u00e4r renliga djur som m\u00e5r b\u00e4st i en ren och fr\u00e4sch milj\u00f6, och vi vill ju alla katternas b\u00e4sta i alla avseenden!<\/li>\n<li>Jag tycker inte att n\u00e5gon uppgift \u00e4r tr\u00e5kig.<\/li>\n<li>Livet \u00e4r inte alltid j\u00e4tteroligt, man f\u00e5r hitta strategier f\u00f6r att finna motivation till de tristare delarna. Till exempel s\u00e5 kan man tycka att det \u00e4r tr\u00e5kigt att rensa kattl\u00e5dorna. Roligare blir det om man samtidigt passar p\u00e5 att h\u00e4lsa p\u00e5 alla katter i respektive rum.<\/li>\n<li>St\u00e4dning \u00e4r det minst roliga men \u00e4r ju j\u00e4tteviktigt f\u00f6r att katterna ska m\u00e5 bra, men \u00e4ven f\u00f6r oss som \u00e4r volont\u00e4rer d\u00e4r.<\/li>\n<li>Vi f\u00e5r se r\u00e4tt mycket av de fula sidorna hos m\u00e4nskligheten n\u00e4r det g\u00e4ller djur, och det kan vara riktigt tungt ibland. Vissa katter som kommer till oss har en riktigt tuff bakgrund, med oansvariga \u00e4gare, ointresserade \u00e4gare, ingen \u00e4gare och tyv\u00e4rr ocks\u00e5 ibland rent fysiskt h\u00e5rdh\u00e4nta \u00e4gare. Det \u00e4r d\u00e5 vi m\u00e5ste fokusera p\u00e5 de fina m\u00e4nniskor som finns d\u00e4r ute som verkligen v\u00e4rnar om sina djur!<\/li>\n<\/ul>\n<h3>Vad brukar du k\u00e4nna n\u00e4r du g\u00e5r fr\u00e5n ett arbetspass p\u00e5 katthemmet?<\/h3>\n<ul>\n<li>En god k\u00e4nsla i kroppen av att f\u00e5tt vara en del av att hj\u00e4lpa katterna.<\/li>\n<li>Gl\u00e4dje och tillfredst\u00e4llelse.<\/li>\n<li>Avslappnad, att umg\u00e5s med katter ger ett inre lugn. Brukar skoja att det \u00e4r min friskv\u00e5rd.<\/li>\n<li>Jag m\u00e5r oftast v\u00e4ldigt bra.<\/li>\n<li>Glad, av att jag k\u00e4nner att jag hj\u00e4lpt till med n\u00e5got bra + myst med katter.<\/li>\n<li>Tr\u00f6tt men n\u00f6jd.<\/li>\n<li>Att jag har gjort en insats f\u00f6r katterna. Trevligt att tr\u00e4ffa olika m\u00e4nniskor och prata om allt mellan himmel och jord under kaffepausen.<\/li>\n<li>F\u00f6rhoppningsvis n\u00f6jd med min insats under passet! P\u00e5 v\u00e4gen hem brukar jag f\u00f6rs\u00f6ka reflektera \u00f6ver de \u00f6den som drabbat katterna jag just tr\u00e4ffat och gl\u00e4dja mig \u00e5t att veta att de nu f\u00e5tt hj\u00e4lp eftersom de kommit till katthemmet. Jag har en k\u00e4nsla av tacksamhet \u00f6ver att genom mitt volont\u00e4rarbete f\u00e5 vara en liten pusselbit i varje katts resa, som bidrar till att de f\u00e5r den hj\u00e4lp de beh\u00f6ver och f\u00f6rtj\u00e4nar.<\/li>\n<\/ul>\n<blockquote><p><span data-sheets-root=\"1\" data-sheets-value=\"{&quot;1&quot;:2,&quot;2&quot;:&quot;Ofta \u00e4r det katternas bakgrunder som ber\u00f6r mig och som jag b\u00e4r med mig, flera delar liknande \u00f6den. M\u00e5nga katter som kommer till katthemmet har inte alltid varit heml\u00f6sa, Simba var en av dessa. Vi blev kontaktade av boende i omr\u00e5det d\u00e4r han str\u00f6vade runt, hans \u00e4gare hade flyttat och l\u00e4mnat honom ensam kvar ute. F\u00f6r mig \u00e4r det obegripligt hur man kan dela sitt liv med ett djur och sedan helt hj\u00e4rtl\u00f6st kasta ut denna i kylan. Simba var en sn\u00e4ll och kelsjuk kille som snart flyttade till ett hem d\u00e4r han \u00e4ntligen fick titeln familjemedlem!&quot;}\" data-sheets-userformat=\"{&quot;2&quot;:769,&quot;3&quot;:{&quot;1&quot;:0},&quot;11&quot;:4,&quot;12&quot;:0}\">Minne ber\u00e4ttat av volont\u00e4r:<br \/>\n&#8220;Ofta \u00e4r det katternas bakgrunder som ber\u00f6r mig och som jag b\u00e4r med mig, flera delar liknande \u00f6den. M\u00e5nga katter som kommer till katthemmet har inte alltid varit heml\u00f6sa, Simba var en av dessa. Vi blev kontaktade av boende i omr\u00e5det d\u00e4r han str\u00f6vade runt, hans \u00e4gare hade flyttat och l\u00e4mnat honom ensam kvar ute. F\u00f6r mig \u00e4r det obegripligt hur man kan dela sitt liv med ett djur och sedan helt hj\u00e4rtl\u00f6st kasta ut denna i kylan. Simba var en sn\u00e4ll och kelsjuk kille som snart flyttade till ett hem d\u00e4r han \u00e4ntligen fick titeln familjemedlem!&#8221;<br \/>\n<\/span><\/p><\/blockquote>\n<p>&nbsp;<\/p>\n<hr \/>\n<h2>N\u00e4sta steg mot volont\u00e4rarbete<\/h2>\n<p>Nu n\u00e4r du l\u00e4st om vad v\u00e5ra befintliga volont\u00e4rer s\u00e4ger om att jobba p\u00e5 v\u00e5rt katthem, f\u00e5r du g\u00e4rna \u00f6verv\u00e4ga om det \u00e4r n\u00e5got du ocks\u00e5 vill g\u00f6ra. Ta dig en funderare, och om du kommer fram till att du har tid, intresse och vilja &#8211; inte bara just nu utan \u00e4ven p\u00e5 sikt &#8211; \u00e4r du hj\u00e4rtligt v\u00e4lkommen att ans\u00f6ka om att bli volont\u00e4r hos oss! <a href=\"https:\/\/djurensvanner.se\/goteborg\/volontararbete\/\">L\u00e4s mer h\u00e4r<\/a>, d\u00e4r \u00e4ven l\u00e4nken till formul\u00e4ret f\u00f6r intresseanm\u00e4lan finns.<\/p>\n","protected":false},"excerpt":{"rendered":"<p>Det \u00e4r m\u00e5nga som intresserar sig f\u00f6r att volont\u00e4rarbeta hos oss, men innan man b\u00f6rjat \u00e4r det sv\u00e5rt att veta vad det egentligen inneb\u00e4r. Det vill vi d\u00e4rf\u00f6r beskriva, och visst vore det l\u00e4mpligt att f\u00e5 h\u00f6ra fr\u00e5n de som redan \u00e4r volont\u00e4rer vad de s\u00e4ger om saken? Vi bad v\u00e5ra volont\u00e4rer besvara ett par&hellip;<\/p>\n<p><a class=\"more-link\" href=\"https:\/\/djurensvanner.se\/goteborg\/volontararbete\/volontarerna-berattar\/\" title=\"Las mer &lsquo;Volont\u00e4rarbeta p\u00e5 v\u00e5rt katthem&rsquo;\">las mer <span class=\"meta-nav\">&rarr;<\/span><\/a><\/p>\n","protected":false},"author":20,"featured_media":0,"parent":1655,"menu_order":0,"comment_status":"closed","ping_status":"closed","template":"","meta":{"_acf_changed":false,"footnotes":""},"class_list":["post-2464","page","type-page","status-publish","hentry"],"acf":[],"_links":{"self":[{"href":"https:\/\/djurensvanner.se\/goteborg\/wp-json\/wp\/v2\/pages\/2464","targetHints":{"allow":["GET"]}}],"collection":[{"href":"https:\/\/djurensvanner.se\/goteborg\/wp-json\/wp\/v2\/pages"}],"about":[{"href":"https:\/\/djurensvanner.se\/goteborg\/wp-json\/wp\/v2\/types\/page"}],"author":[{"embeddable":true,"href":"https:\/\/djurensvanner.se\/goteborg\/wp-json\/wp\/v2\/users\/20"}],"replies":[{"embeddable":true,"href":"https:\/\/djurensvanner.se\/goteborg\/wp-json\/wp\/v2\/comments?post=2464"}],"version-history":[{"count":35,"href":"https:\/\/djurensvanner.se\/goteborg\/wp-json\/wp\/v2\/pages\/2464\/revisions"}],"predecessor-version":[{"id":2691,"href":"https:\/\/djurensvanner.se\/goteborg\/wp-json\/wp\/v2\/pages\/2464\/revisions\/2691"}],"up":[{"embeddable":true,"href":"https:\/\/djurensvanner.se\/goteborg\/wp-json\/wp\/v2\/pages\/1655"}],"wp:attachment":[{"href":"https:\/\/djurensvanner.se\/goteborg\/wp-json\/wp\/v2\/media?parent=2464"}],"curies":[{"name":"wp","href":"https:\/\/api.w.org\/{rel}","templated":true}]}}