
{"id":207,"date":"2014-10-26T02:20:30","date_gmt":"2014-10-26T02:20:30","guid":{"rendered":"\/?page_id=207"},"modified":"2026-01-31T14:12:48","modified_gmt":"2026-01-31T13:12:48","slug":"om-oss","status":"publish","type":"page","link":"https:\/\/djurensvanner.se\/goteborg\/om-oss\/","title":{"rendered":"Kontakt"},"content":{"rendered":"<h3>Kontaktuppgifter<\/h3>\n<p><span style=\"text-decoration: underline;\">E-post:<\/span><br \/>\n<a href=\"&#109;&#x61;i&#x6c;t&#111;&#x3a;&#103;&#x6f;t&#101;&#x62;&#111;&#x72;g&#x40;&#x64;&#106;&#x75;r&#x65;n&#115;&#x76;&#97;&#x6e;n&#101;&#x72;&#46;&#x73;e\">&#x67;&#111;&#116;e&#x62;&#x6f;&#114;g&#x40;&#x64;&#106;u&#x72;&#x65;&#110;s&#x76;&#x61;&#110;n&#x65;&#x72;&#46;s&#x65;<\/a><\/p>\n<p><span style=\"text-decoration: underline;\">Adress:<\/span><br \/>\nDjurens V\u00e4nner\u00a0G\u00f6teborg<br \/>\nDoktor Bex gata 4<br \/>\n413 24 G\u00f6teborg<\/p>\n<p><span style=\"text-decoration: underline;\">Hitta oss:<\/span><br \/>\nSp\u00e5rvagn 10 har sin \u00e4ndh\u00e5llplats p\u00e5 Guldheden (Doktor Sydows Gata) utanf\u00f6r v\u00e5rt katthem.<\/p>\n<p>&nbsp;<\/p>\n<h3>Ekonomiska uppgifter<\/h3>\n<p><span style=\"text-decoration: underline;\">BankGiro:<\/span><br \/>\n5040 \u2013 9986<\/p>\n<p><span style=\"text-decoration: underline;\">PlusGiro:<\/span><br \/>\n42 58 86 \u2013 9<\/p>\n<p><span style=\"text-decoration: underline;\">Swish:<\/span><br \/>\n123 225 86 89<\/p>\n<p><span style=\"text-decoration: underline;\">Organisationsnummer:<\/span><br \/>\n85 72 00 \u2013 3211<\/p>\n<p>&nbsp;<\/p>\n<h3>Styrelsen<\/h3>\n<p><strong>Ordf\u00f6rande:<\/strong><br \/>\nSolveig Gavik<\/p>\n<p><strong>Sekreterare:<\/strong><br \/>\nSara Petersson<\/p>\n<p><strong>Ledam\u00f6ter:<\/strong><br \/>\nAnnika Wennberg<br \/>\nEmma von Tell<br \/>\nKarina Nilsson<br \/>\nStefan Lans<\/p>\n<p><strong>Kass\u00f6r (utanf\u00f6r styrelsen):<\/strong><br \/>\nYvonne Nyman<\/p>\n","protected":false},"excerpt":{"rendered":"<p>Kontaktuppgifter E-post: &#x67;&#x6f;&#x74;&#x65;&#98;&#111;&#114;g&#64;&#x64;&#x6a;&#x75;&#x72;&#x65;&#110;&#115;&#118;an&#x6e;&#x65;&#x72;&#x2e;&#x73;&#101; Adress: Djurens V\u00e4nner\u00a0G\u00f6teborg Doktor Bex gata 4 413 24 G\u00f6teborg Hitta oss: Sp\u00e5rvagn 10 har sin \u00e4ndh\u00e5llplats p\u00e5 Guldheden (Doktor Sydows Gata) utanf\u00f6r v\u00e5rt katthem. &nbsp; Ekonomiska uppgifter BankGiro: 5040 \u2013 9986 PlusGiro: 42 58 86 \u2013 9 Swish: 123 225 86 89 Organisationsnummer: 85 72 00 \u2013 3211 &nbsp; Styrelsen Ordf\u00f6rande:&hellip;<\/p>\n<p><a class=\"more-link\" href=\"https:\/\/djurensvanner.se\/goteborg\/om-oss\/\" title=\"Las mer &lsquo;Kontakt&rsquo;\">las mer <span class=\"meta-nav\">&rarr;<\/span><\/a><\/p>\n","protected":false},"author":1,"featured_media":0,"parent":0,"menu_order":0,"comment_status":"open","ping_status":"open","template":"","meta":{"_acf_changed":false,"footnotes":""},"class_list":["post-207","page","type-page","status-publish","hentry"],"acf":[],"_links":{"self":[{"href":"https:\/\/djurensvanner.se\/goteborg\/wp-json\/wp\/v2\/pages\/207","targetHints":{"allow":["GET"]}}],"collection":[{"href":"https:\/\/djurensvanner.se\/goteborg\/wp-json\/wp\/v2\/pages"}],"about":[{"href":"https:\/\/djurensvanner.se\/goteborg\/wp-json\/wp\/v2\/types\/page"}],"author":[{"embeddable":true,"href":"https:\/\/djurensvanner.se\/goteborg\/wp-json\/wp\/v2\/users\/1"}],"replies":[{"embeddable":true,"href":"https:\/\/djurensvanner.se\/goteborg\/wp-json\/wp\/v2\/comments?post=207"}],"version-history":[{"count":31,"href":"https:\/\/djurensvanner.se\/goteborg\/wp-json\/wp\/v2\/pages\/207\/revisions"}],"predecessor-version":[{"id":2947,"href":"https:\/\/djurensvanner.se\/goteborg\/wp-json\/wp\/v2\/pages\/207\/revisions\/2947"}],"wp:attachment":[{"href":"https:\/\/djurensvanner.se\/goteborg\/wp-json\/wp\/v2\/media?parent=207"}],"curies":[{"name":"wp","href":"https:\/\/api.w.org\/{rel}","templated":true}]}}